{"id":4471,"date":"2022-10-20T16:09:27","date_gmt":"2022-10-20T13:09:27","guid":{"rendered":"https:\/\/glimsgloms.fi\/?post_type=product&#038;p=4471"},"modified":"2022-10-20T16:11:59","modified_gmt":"2022-10-20T13:11:59","slug":"viela-paivia-oita-cd-levy","status":"publish","type":"product","link":"https:\/\/glimsgloms.fi\/en\/product\/viela-paivia-oita-cd-levy\/","title":{"rendered":"Viel\u00e4 p\u00e4ivi\u00e4, \u00f6it\u00e4 CD-levy"},"content":{"rendered":"<p>Viel\u00e4 p\u00e4ivi\u00e4, \u00f6it\u00e4 -\u00e4\u00e4nilevyll\u00e4 on Simo Heiskasen s\u00e4velt\u00e4mi\u00e4 sek\u00e4 tulkitsemia kappaleita esityksest\u00e4 &#8220;Min\u00e4 unohdin miten suuressa talossa asun&#8221;.<\/p>\n<p>Cd-levyn hinta sis\u00e4lt\u00e4\u00e4 postikulut Suomessa.<\/p>\n","protected":false},"excerpt":{"rendered":"<p>Viel\u00e4 p\u00e4ivi\u00e4, \u00f6it\u00e4 -\u00e4\u00e4nilevyll\u00e4 on Simo Heiskasen s\u00e4velt\u00e4mi\u00e4 sek\u00e4 tulkitsemia kappaleita esityksest\u00e4 &#8220;Min\u00e4 unohdin miten suuressa talossa asun&#8221;. Cd-levyn hinta sis\u00e4lt\u00e4\u00e4 postikulut Suomessa.<\/p>\n","protected":false},"author":9,"featured_media":4492,"template":"","meta":{"inline_featured_image":false,"_kad_blocks_custom_css":"","_kad_blocks_head_custom_js":"","_kad_blocks_body_custom_js":"","_kad_blocks_footer_custom_js":"","_kad_post_transparent":"","_kad_post_title":"","_kad_post_layout":"","_kad_post_sidebar_id":"","_kad_post_content_style":"","_kad_post_vertical_padding":"","_kad_post_feature":"","_kad_post_feature_position":"","_kad_post_header":false,"_kad_post_footer":false,"_kad_post_classname":"","_links_to":"","_links_to_target":""},"product_brand":[],"product_cat":[107],"product_tag":[],"esityskategoria":[40],"class_list":{"0":"post-4471","1":"product","2":"type-product","3":"status-publish","4":"has-post-thumbnail","6":"product_cat-cd-levyt","7":"esityskategoria-mina-unohdin-miten-suuressa-talossa-asun","9":"first","10":"instock","11":"shipping-taxable","12":"purchasable","13":"product-type-simple","14":"entry","15":"content-bg","16":"loop-entry"},"yoast_head":"<!-- This site is optimized with the Yoast SEO plugin v27.3 - https:\/\/yoast.com\/product\/yoast-seo-wordpress\/ -->\n<title>Viel\u00e4 p\u00e4ivi\u00e4, \u00f6it\u00e4 CD-levy -<\/title>\n<meta name=\"robots\" content=\"index, follow, max-snippet:-1, max-image-preview:large, max-video-preview:-1\" \/>\n<link rel=\"canonical\" href=\"https:\/\/glimsgloms.fi\/product\/viela-paivia-oita-cd-levy\/\" \/>\n<meta property=\"og:locale\" content=\"en_US\" \/>\n<meta property=\"og:type\" content=\"article\" \/>\n<meta property=\"og:title\" content=\"Viel\u00e4 p\u00e4ivi\u00e4, \u00f6it\u00e4 CD-levy -\" \/>\n<meta property=\"og:description\" content=\"Viel\u00e4 p\u00e4ivi\u00e4, \u00f6it\u00e4 -\u00e4\u00e4nilevyll\u00e4 on Simo Heiskasen s\u00e4velt\u00e4mi\u00e4 sek\u00e4 tulkitsemia kappaleita esityksest\u00e4 &#8220;Min\u00e4 unohdin miten suuressa talossa asun&#8221;. Cd-levyn hinta sis\u00e4lt\u00e4\u00e4 postikulut Suomessa.\" \/>\n<meta property=\"og:url\" content=\"https:\/\/glimsgloms.fi\/product\/viela-paivia-oita-cd-levy\/\" \/>\n<meta property=\"article:publisher\" content=\"https:\/\/www.facebook.com\/glimsgloms\" \/>\n<meta property=\"article:modified_time\" content=\"2022-10-20T13:11:59+00:00\" \/>\n<meta property=\"og:image\" content=\"https:\/\/glimsgloms.fi\/wp-content\/uploads\/2022\/10\/levynkansi_3000-x-3000-1024x1024.png\" \/>\n\t<meta property=\"og:image:width\" content=\"1024\" \/>\n\t<meta property=\"og:image:height\" content=\"1024\" \/>\n\t<meta property=\"og:image:type\" content=\"image\/png\" \/>\n<meta name=\"twitter:card\" content=\"summary_large_image\" \/>\n<meta name=\"twitter:site\" content=\"@Glimsgloms\" \/>\n<meta name=\"twitter:label1\" content=\"Est. reading time\" \/>\n\t<meta name=\"twitter:data1\" content=\"1 minute\" \/>\n<script type=\"application\/ld+json\" class=\"yoast-schema-graph\">{\"@context\":\"https:\\\/\\\/schema.org\",\"@graph\":[{\"@type\":\"WebPage\",\"@id\":\"https:\\\/\\\/glimsgloms.fi\\\/product\\\/viela-paivia-oita-cd-levy\\\/\",\"url\":\"https:\\\/\\\/glimsgloms.fi\\\/product\\\/viela-paivia-oita-cd-levy\\\/\",\"name\":\"Viel\u00e4 p\u00e4ivi\u00e4, \u00f6it\u00e4 CD-levy -\",\"isPartOf\":{\"@id\":\"https:\\\/\\\/glimsgloms.fi\\\/#website\"},\"primaryImageOfPage\":{\"@id\":\"https:\\\/\\\/glimsgloms.fi\\\/product\\\/viela-paivia-oita-cd-levy\\\/#primaryimage\"},\"image\":{\"@id\":\"https:\\\/\\\/glimsgloms.fi\\\/product\\\/viela-paivia-oita-cd-levy\\\/#primaryimage\"},\"thumbnailUrl\":\"https:\\\/\\\/glimsgloms.fi\\\/wp-content\\\/uploads\\\/2022\\\/10\\\/levynkansi_3000-x-3000.png\",\"datePublished\":\"2022-10-20T13:09:27+00:00\",\"dateModified\":\"2022-10-20T13:11:59+00:00\",\"breadcrumb\":{\"@id\":\"https:\\\/\\\/glimsgloms.fi\\\/product\\\/viela-paivia-oita-cd-levy\\\/#breadcrumb\"},\"inLanguage\":\"en-US\",\"potentialAction\":[{\"@type\":\"ReadAction\",\"target\":[\"https:\\\/\\\/glimsgloms.fi\\\/product\\\/viela-paivia-oita-cd-levy\\\/\"]}]},{\"@type\":\"ImageObject\",\"inLanguage\":\"en-US\",\"@id\":\"https:\\\/\\\/glimsgloms.fi\\\/product\\\/viela-paivia-oita-cd-levy\\\/#primaryimage\",\"url\":\"https:\\\/\\\/glimsgloms.fi\\\/wp-content\\\/uploads\\\/2022\\\/10\\\/levynkansi_3000-x-3000.png\",\"contentUrl\":\"https:\\\/\\\/glimsgloms.fi\\\/wp-content\\\/uploads\\\/2022\\\/10\\\/levynkansi_3000-x-3000.png\",\"width\":3000,\"height\":3000,\"caption\":\"Simo Heiskanen Porkkalaniemen kalliolla\"},{\"@type\":\"BreadcrumbList\",\"@id\":\"https:\\\/\\\/glimsgloms.fi\\\/product\\\/viela-paivia-oita-cd-levy\\\/#breadcrumb\",\"itemListElement\":[{\"@type\":\"ListItem\",\"position\":1,\"name\":\"Home\",\"item\":\"https:\\\/\\\/glimsgloms.fi\\\/en\\\/\"},{\"@type\":\"ListItem\",\"position\":2,\"name\":\"Kauppa\",\"item\":\"https:\\\/\\\/glimsgloms.fi\\\/kauppa\\\/\"},{\"@type\":\"ListItem\",\"position\":3,\"name\":\"Viel\u00e4 p\u00e4ivi\u00e4, \u00f6it\u00e4 CD-levy\"}]},{\"@type\":\"WebSite\",\"@id\":\"https:\\\/\\\/glimsgloms.fi\\\/#website\",\"url\":\"https:\\\/\\\/glimsgloms.fi\\\/\",\"name\":\"\",\"description\":\"Dance Theatre for All\",\"publisher\":{\"@id\":\"https:\\\/\\\/glimsgloms.fi\\\/#organization\"},\"potentialAction\":[{\"@type\":\"SearchAction\",\"target\":{\"@type\":\"EntryPoint\",\"urlTemplate\":\"https:\\\/\\\/glimsgloms.fi\\\/?s={search_term_string}\"},\"query-input\":{\"@type\":\"PropertyValueSpecification\",\"valueRequired\":true,\"valueName\":\"search_term_string\"}}],\"inLanguage\":\"en-US\"},{\"@type\":\"Organization\",\"@id\":\"https:\\\/\\\/glimsgloms.fi\\\/#organization\",\"name\":\"Tanssiteatteri Glims & Gloms - koko perheen teatteri Espoossa\",\"url\":\"https:\\\/\\\/glimsgloms.fi\\\/\",\"logo\":{\"@type\":\"ImageObject\",\"inLanguage\":\"en-US\",\"@id\":\"https:\\\/\\\/glimsgloms.fi\\\/#\\\/schema\\\/logo\\\/image\\\/\",\"url\":\"https:\\\/\\\/glimsgloms.fi\\\/wp-content\\\/uploads\\\/2020\\\/10\\\/cropped-GG-1.jpg\",\"contentUrl\":\"https:\\\/\\\/glimsgloms.fi\\\/wp-content\\\/uploads\\\/2020\\\/10\\\/cropped-GG-1.jpg\",\"width\":512,\"height\":512,\"caption\":\"Tanssiteatteri Glims & Gloms - koko perheen teatteri Espoossa\"},\"image\":{\"@id\":\"https:\\\/\\\/glimsgloms.fi\\\/#\\\/schema\\\/logo\\\/image\\\/\"},\"sameAs\":[\"https:\\\/\\\/www.facebook.com\\\/glimsgloms\",\"https:\\\/\\\/x.com\\\/Glimsgloms\",\"https:\\\/\\\/www.instagram.com\\\/glimsgloms\\\/\",\"https:\\\/\\\/www.linkedin.com\\\/company\\\/43366760\\\/admin\\\/\",\"https:\\\/\\\/www.youtube.com\\\/user\\\/GlimsGloms\",\"https:\\\/\\\/fi.wikipedia.org\\\/wiki\\\/Tanssiteatteri_Glims_&_Gloms\"]}]}<\/script>\n<!-- \/ Yoast SEO plugin. -->","yoast_head_json":{"title":"Viel\u00e4 p\u00e4ivi\u00e4, \u00f6it\u00e4 CD-levy -","robots":{"index":"index","follow":"follow","max-snippet":"max-snippet:-1","max-image-preview":"max-image-preview:large","max-video-preview":"max-video-preview:-1"},"canonical":"https:\/\/glimsgloms.fi\/product\/viela-paivia-oita-cd-levy\/","og_locale":"en_US","og_type":"article","og_title":"Viel\u00e4 p\u00e4ivi\u00e4, \u00f6it\u00e4 CD-levy -","og_description":"Viel\u00e4 p\u00e4ivi\u00e4, \u00f6it\u00e4 -\u00e4\u00e4nilevyll\u00e4 on Simo Heiskasen s\u00e4velt\u00e4mi\u00e4 sek\u00e4 tulkitsemia kappaleita esityksest\u00e4 &#8220;Min\u00e4 unohdin miten suuressa talossa asun&#8221;. Cd-levyn hinta sis\u00e4lt\u00e4\u00e4 postikulut Suomessa.","og_url":"https:\/\/glimsgloms.fi\/product\/viela-paivia-oita-cd-levy\/","article_publisher":"https:\/\/www.facebook.com\/glimsgloms","article_modified_time":"2022-10-20T13:11:59+00:00","og_image":[{"width":1024,"height":1024,"url":"https:\/\/glimsgloms.fi\/wp-content\/uploads\/2022\/10\/levynkansi_3000-x-3000-1024x1024.png","type":"image\/png"}],"twitter_card":"summary_large_image","twitter_site":"@Glimsgloms","twitter_misc":{"Est. reading time":"1 minute"},"schema":{"@context":"https:\/\/schema.org","@graph":[{"@type":"WebPage","@id":"https:\/\/glimsgloms.fi\/product\/viela-paivia-oita-cd-levy\/","url":"https:\/\/glimsgloms.fi\/product\/viela-paivia-oita-cd-levy\/","name":"Viel\u00e4 p\u00e4ivi\u00e4, \u00f6it\u00e4 CD-levy -","isPartOf":{"@id":"https:\/\/glimsgloms.fi\/#website"},"primaryImageOfPage":{"@id":"https:\/\/glimsgloms.fi\/product\/viela-paivia-oita-cd-levy\/#primaryimage"},"image":{"@id":"https:\/\/glimsgloms.fi\/product\/viela-paivia-oita-cd-levy\/#primaryimage"},"thumbnailUrl":"https:\/\/glimsgloms.fi\/wp-content\/uploads\/2022\/10\/levynkansi_3000-x-3000.png","datePublished":"2022-10-20T13:09:27+00:00","dateModified":"2022-10-20T13:11:59+00:00","breadcrumb":{"@id":"https:\/\/glimsgloms.fi\/product\/viela-paivia-oita-cd-levy\/#breadcrumb"},"inLanguage":"en-US","potentialAction":[{"@type":"ReadAction","target":["https:\/\/glimsgloms.fi\/product\/viela-paivia-oita-cd-levy\/"]}]},{"@type":"ImageObject","inLanguage":"en-US","@id":"https:\/\/glimsgloms.fi\/product\/viela-paivia-oita-cd-levy\/#primaryimage","url":"https:\/\/glimsgloms.fi\/wp-content\/uploads\/2022\/10\/levynkansi_3000-x-3000.png","contentUrl":"https:\/\/glimsgloms.fi\/wp-content\/uploads\/2022\/10\/levynkansi_3000-x-3000.png","width":3000,"height":3000,"caption":"Simo Heiskanen Porkkalaniemen kalliolla"},{"@type":"BreadcrumbList","@id":"https:\/\/glimsgloms.fi\/product\/viela-paivia-oita-cd-levy\/#breadcrumb","itemListElement":[{"@type":"ListItem","position":1,"name":"Home","item":"https:\/\/glimsgloms.fi\/en\/"},{"@type":"ListItem","position":2,"name":"Kauppa","item":"https:\/\/glimsgloms.fi\/kauppa\/"},{"@type":"ListItem","position":3,"name":"Viel\u00e4 p\u00e4ivi\u00e4, \u00f6it\u00e4 CD-levy"}]},{"@type":"WebSite","@id":"https:\/\/glimsgloms.fi\/#website","url":"https:\/\/glimsgloms.fi\/","name":"","description":"Dance Theatre for All","publisher":{"@id":"https:\/\/glimsgloms.fi\/#organization"},"potentialAction":[{"@type":"SearchAction","target":{"@type":"EntryPoint","urlTemplate":"https:\/\/glimsgloms.fi\/?s={search_term_string}"},"query-input":{"@type":"PropertyValueSpecification","valueRequired":true,"valueName":"search_term_string"}}],"inLanguage":"en-US"},{"@type":"Organization","@id":"https:\/\/glimsgloms.fi\/#organization","name":"Tanssiteatteri Glims & Gloms - koko perheen teatteri Espoossa","url":"https:\/\/glimsgloms.fi\/","logo":{"@type":"ImageObject","inLanguage":"en-US","@id":"https:\/\/glimsgloms.fi\/#\/schema\/logo\/image\/","url":"https:\/\/glimsgloms.fi\/wp-content\/uploads\/2020\/10\/cropped-GG-1.jpg","contentUrl":"https:\/\/glimsgloms.fi\/wp-content\/uploads\/2020\/10\/cropped-GG-1.jpg","width":512,"height":512,"caption":"Tanssiteatteri Glims & Gloms - koko perheen teatteri Espoossa"},"image":{"@id":"https:\/\/glimsgloms.fi\/#\/schema\/logo\/image\/"},"sameAs":["https:\/\/www.facebook.com\/glimsgloms","https:\/\/x.com\/Glimsgloms","https:\/\/www.instagram.com\/glimsgloms\/","https:\/\/www.linkedin.com\/company\/43366760\/admin\/","https:\/\/www.youtube.com\/user\/GlimsGloms","https:\/\/fi.wikipedia.org\/wiki\/Tanssiteatteri_Glims_&_Gloms"]}]}},"taxonomy_info":{"product_cat":[{"value":107,"label":"Cd-levyt"}],"esityskategoria":[{"value":40,"label":"Min\u00e4 unohdin miten suuressa talossa asun"}]},"featured_image_src_large":["https:\/\/glimsgloms.fi\/wp-content\/uploads\/2022\/10\/levynkansi_3000-x-3000-1024x1024.png",1024,1024,true],"author_info":{"display_name":"melinda","author_link":"https:\/\/glimsgloms.fi\/en\/author\/melinda\/"},"comment_info":"","_links":{"self":[{"href":"https:\/\/glimsgloms.fi\/en\/wp-json\/wp\/v2\/product\/4471","targetHints":{"allow":["GET"]}}],"collection":[{"href":"https:\/\/glimsgloms.fi\/en\/wp-json\/wp\/v2\/product"}],"about":[{"href":"https:\/\/glimsgloms.fi\/en\/wp-json\/wp\/v2\/types\/product"}],"author":[{"embeddable":true,"href":"https:\/\/glimsgloms.fi\/en\/wp-json\/wp\/v2\/users\/9"}],"wp:featuredmedia":[{"embeddable":true,"href":"https:\/\/glimsgloms.fi\/en\/wp-json\/wp\/v2\/media\/4492"}],"wp:attachment":[{"href":"https:\/\/glimsgloms.fi\/en\/wp-json\/wp\/v2\/media?parent=4471"}],"wp:term":[{"taxonomy":"product_brand","embeddable":true,"href":"https:\/\/glimsgloms.fi\/en\/wp-json\/wp\/v2\/product_brand?post=4471"},{"taxonomy":"product_cat","embeddable":true,"href":"https:\/\/glimsgloms.fi\/en\/wp-json\/wp\/v2\/product_cat?post=4471"},{"taxonomy":"product_tag","embeddable":true,"href":"https:\/\/glimsgloms.fi\/en\/wp-json\/wp\/v2\/product_tag?post=4471"},{"taxonomy":"esityskategoria","embeddable":true,"href":"https:\/\/glimsgloms.fi\/en\/wp-json\/wp\/v2\/esityskategoria?post=4471"}],"curies":[{"name":"wp","href":"https:\/\/api.w.org\/{rel}","templated":true}]}}