{"id":6492,"date":"2024-11-11T10:41:21","date_gmt":"2024-11-11T08:41:21","guid":{"rendered":"https:\/\/glimsgloms.fi\/?post_type=product&#038;p=6492"},"modified":"2024-11-19T13:56:24","modified_gmt":"2024-11-19T11:56:24","slug":"raxu-taskunen-glims-gloms-studio-koululaisnaytos-2","status":"publish","type":"product","link":"https:\/\/glimsgloms.fi\/en\/product\/raxu-taskunen-glims-gloms-studio-koululaisnaytos-2\/","title":{"rendered":"Raxu Taskunen \/ Glims &#038; Gloms studio (koululaisn\u00e4yt\u00f6s)"},"content":{"rendered":"<p>Raxu Taskunen Kaupunginosateatteri -n\u00e4yt\u00f6s Glims &amp; Gloms studiolla. (KULPS)<\/p>\n","protected":false},"excerpt":{"rendered":"<p>Raxu Taskunen Kaupunginosateatteri -n\u00e4yt\u00f6s Glims &amp; Gloms studiolla. (KULPS)<\/p>\n","protected":false},"author":9,"featured_media":3570,"template":"","meta":{"inline_featured_image":false,"_kad_blocks_custom_css":"","_kad_blocks_head_custom_js":"","_kad_blocks_body_custom_js":"","_kad_blocks_footer_custom_js":"","_kad_post_transparent":"default","_kad_post_title":"","_kad_post_layout":"default","_kad_post_sidebar_id":"","_kad_post_content_style":"default","_kad_post_vertical_padding":"default","_kad_post_feature":"","_kad_post_feature_position":"","_kad_post_header":false,"_kad_post_footer":false,"_kad_post_classname":"","_links_to":"","_links_to_target":""},"product_brand":[],"product_cat":[16],"product_tag":[],"esityskategoria":[],"class_list":{"0":"post-6492","1":"product","2":"type-product","3":"status-publish","4":"has-post-thumbnail","6":"product_cat-uncategorized","8":"first","9":"instock","10":"shipping-taxable","11":"product-type-simple","12":"entry","13":"content-bg","14":"loop-entry"},"yoast_head":"<!-- This site is optimized with the Yoast SEO plugin v27.2 - https:\/\/yoast.com\/product\/yoast-seo-wordpress\/ -->\n<title>Raxu Taskunen \/ Glims &amp; Gloms studio (koululaisn\u00e4yt\u00f6s) -<\/title>\n<meta name=\"robots\" content=\"index, follow, max-snippet:-1, max-image-preview:large, max-video-preview:-1\" \/>\n<link rel=\"canonical\" href=\"https:\/\/glimsgloms.fi\/product\/raxu-taskunen-glims-gloms-studio-koululaisnaytos-2\/\" \/>\n<meta property=\"og:locale\" content=\"en_US\" \/>\n<meta property=\"og:type\" content=\"article\" \/>\n<meta property=\"og:title\" content=\"Raxu Taskunen \/ Glims &amp; Gloms studio (koululaisn\u00e4yt\u00f6s) -\" \/>\n<meta property=\"og:description\" content=\"Raxu Taskunen Kaupunginosateatteri -n\u00e4yt\u00f6s Glims &amp; Gloms studiolla. (KULPS)\" \/>\n<meta property=\"og:url\" content=\"https:\/\/glimsgloms.fi\/product\/raxu-taskunen-glims-gloms-studio-koululaisnaytos-2\/\" \/>\n<meta property=\"article:publisher\" content=\"https:\/\/www.facebook.com\/glimsgloms\" \/>\n<meta property=\"article:modified_time\" content=\"2024-11-19T11:56:24+00:00\" \/>\n<meta property=\"og:image\" content=\"https:\/\/glimsgloms.fi\/wp-content\/uploads\/2021\/11\/Raxu-kurkkaa-scaled.jpg\" \/>\n\t<meta property=\"og:image:width\" content=\"2560\" \/>\n\t<meta property=\"og:image:height\" content=\"1707\" \/>\n\t<meta property=\"og:image:type\" content=\"image\/jpeg\" \/>\n<meta name=\"twitter:card\" content=\"summary_large_image\" \/>\n<meta name=\"twitter:site\" content=\"@Glimsgloms\" \/>\n<meta name=\"twitter:label1\" content=\"Est. reading time\" \/>\n\t<meta name=\"twitter:data1\" content=\"1 minute\" \/>\n<script type=\"application\/ld+json\" class=\"yoast-schema-graph\">{\"@context\":\"https:\/\/schema.org\",\"@graph\":[{\"@type\":\"WebPage\",\"@id\":\"https:\/\/glimsgloms.fi\/product\/raxu-taskunen-glims-gloms-studio-koululaisnaytos-2\/\",\"url\":\"https:\/\/glimsgloms.fi\/product\/raxu-taskunen-glims-gloms-studio-koululaisnaytos-2\/\",\"name\":\"Raxu Taskunen \/ Glims & Gloms studio (koululaisn\u00e4yt\u00f6s) -\",\"isPartOf\":{\"@id\":\"https:\/\/glimsgloms.fi\/#website\"},\"primaryImageOfPage\":{\"@id\":\"https:\/\/glimsgloms.fi\/product\/raxu-taskunen-glims-gloms-studio-koululaisnaytos-2\/#primaryimage\"},\"image\":{\"@id\":\"https:\/\/glimsgloms.fi\/product\/raxu-taskunen-glims-gloms-studio-koululaisnaytos-2\/#primaryimage\"},\"thumbnailUrl\":\"https:\/\/glimsgloms.fi\/wp-content\/uploads\/2021\/11\/Raxu-kurkkaa-scaled.jpg\",\"datePublished\":\"2024-11-11T08:41:21+00:00\",\"dateModified\":\"2024-11-19T11:56:24+00:00\",\"breadcrumb\":{\"@id\":\"https:\/\/glimsgloms.fi\/product\/raxu-taskunen-glims-gloms-studio-koululaisnaytos-2\/#breadcrumb\"},\"inLanguage\":\"en-US\",\"potentialAction\":[{\"@type\":\"ReadAction\",\"target\":[\"https:\/\/glimsgloms.fi\/product\/raxu-taskunen-glims-gloms-studio-koululaisnaytos-2\/\"]}]},{\"@type\":\"ImageObject\",\"inLanguage\":\"en-US\",\"@id\":\"https:\/\/glimsgloms.fi\/product\/raxu-taskunen-glims-gloms-studio-koululaisnaytos-2\/#primaryimage\",\"url\":\"https:\/\/glimsgloms.fi\/wp-content\/uploads\/2021\/11\/Raxu-kurkkaa-scaled.jpg\",\"contentUrl\":\"https:\/\/glimsgloms.fi\/wp-content\/uploads\/2021\/11\/Raxu-kurkkaa-scaled.jpg\",\"width\":2560,\"height\":1707,\"caption\":\"Raxu Taskunen, p\u00f6rr\u00f6inen k\u00e4sinukkeotus kurkkaa punaisen verhon takaa ja katsoo alas.\"},{\"@type\":\"BreadcrumbList\",\"@id\":\"https:\/\/glimsgloms.fi\/product\/raxu-taskunen-glims-gloms-studio-koululaisnaytos-2\/#breadcrumb\",\"itemListElement\":[{\"@type\":\"ListItem\",\"position\":1,\"name\":\"Home\",\"item\":\"https:\/\/glimsgloms.fi\/en\/\"},{\"@type\":\"ListItem\",\"position\":2,\"name\":\"Kauppa\",\"item\":\"https:\/\/glimsgloms.fi\/kauppa\/\"},{\"@type\":\"ListItem\",\"position\":3,\"name\":\"Raxu Taskunen \/ Glims &#038; Gloms studio (koululaisn\u00e4yt\u00f6s)\"}]},{\"@type\":\"WebSite\",\"@id\":\"https:\/\/glimsgloms.fi\/#website\",\"url\":\"https:\/\/glimsgloms.fi\/\",\"name\":\"\",\"description\":\"Dance Theatre for All\",\"publisher\":{\"@id\":\"https:\/\/glimsgloms.fi\/#organization\"},\"potentialAction\":[{\"@type\":\"SearchAction\",\"target\":{\"@type\":\"EntryPoint\",\"urlTemplate\":\"https:\/\/glimsgloms.fi\/?s={search_term_string}\"},\"query-input\":{\"@type\":\"PropertyValueSpecification\",\"valueRequired\":true,\"valueName\":\"search_term_string\"}}],\"inLanguage\":\"en-US\"},{\"@type\":\"Organization\",\"@id\":\"https:\/\/glimsgloms.fi\/#organization\",\"name\":\"Tanssiteatteri Glims & Gloms - koko perheen teatteri Espoossa\",\"url\":\"https:\/\/glimsgloms.fi\/\",\"logo\":{\"@type\":\"ImageObject\",\"inLanguage\":\"en-US\",\"@id\":\"https:\/\/glimsgloms.fi\/#\/schema\/logo\/image\/\",\"url\":\"https:\/\/glimsgloms.fi\/wp-content\/uploads\/2020\/10\/cropped-GG-1.jpg\",\"contentUrl\":\"https:\/\/glimsgloms.fi\/wp-content\/uploads\/2020\/10\/cropped-GG-1.jpg\",\"width\":512,\"height\":512,\"caption\":\"Tanssiteatteri Glims & Gloms - koko perheen teatteri Espoossa\"},\"image\":{\"@id\":\"https:\/\/glimsgloms.fi\/#\/schema\/logo\/image\/\"},\"sameAs\":[\"https:\/\/www.facebook.com\/glimsgloms\",\"https:\/\/x.com\/Glimsgloms\",\"https:\/\/www.instagram.com\/glimsgloms\/\",\"https:\/\/www.linkedin.com\/company\/43366760\/admin\/\",\"https:\/\/www.youtube.com\/user\/GlimsGloms\",\"https:\/\/fi.wikipedia.org\/wiki\/Tanssiteatteri_Glims_&_Gloms\"]}]}<\/script>\n<!-- \/ Yoast SEO plugin. -->","yoast_head_json":{"title":"Raxu Taskunen \/ Glims & Gloms studio (koululaisn\u00e4yt\u00f6s) -","robots":{"index":"index","follow":"follow","max-snippet":"max-snippet:-1","max-image-preview":"max-image-preview:large","max-video-preview":"max-video-preview:-1"},"canonical":"https:\/\/glimsgloms.fi\/product\/raxu-taskunen-glims-gloms-studio-koululaisnaytos-2\/","og_locale":"en_US","og_type":"article","og_title":"Raxu Taskunen \/ Glims & Gloms studio (koululaisn\u00e4yt\u00f6s) -","og_description":"Raxu Taskunen Kaupunginosateatteri -n\u00e4yt\u00f6s Glims &amp; Gloms studiolla. (KULPS)","og_url":"https:\/\/glimsgloms.fi\/product\/raxu-taskunen-glims-gloms-studio-koululaisnaytos-2\/","article_publisher":"https:\/\/www.facebook.com\/glimsgloms","article_modified_time":"2024-11-19T11:56:24+00:00","og_image":[{"width":2560,"height":1707,"url":"https:\/\/glimsgloms.fi\/wp-content\/uploads\/2021\/11\/Raxu-kurkkaa-scaled.jpg","type":"image\/jpeg"}],"twitter_card":"summary_large_image","twitter_site":"@Glimsgloms","twitter_misc":{"Est. reading time":"1 minute"},"schema":{"@context":"https:\/\/schema.org","@graph":[{"@type":"WebPage","@id":"https:\/\/glimsgloms.fi\/product\/raxu-taskunen-glims-gloms-studio-koululaisnaytos-2\/","url":"https:\/\/glimsgloms.fi\/product\/raxu-taskunen-glims-gloms-studio-koululaisnaytos-2\/","name":"Raxu Taskunen \/ Glims & Gloms studio (koululaisn\u00e4yt\u00f6s) -","isPartOf":{"@id":"https:\/\/glimsgloms.fi\/#website"},"primaryImageOfPage":{"@id":"https:\/\/glimsgloms.fi\/product\/raxu-taskunen-glims-gloms-studio-koululaisnaytos-2\/#primaryimage"},"image":{"@id":"https:\/\/glimsgloms.fi\/product\/raxu-taskunen-glims-gloms-studio-koululaisnaytos-2\/#primaryimage"},"thumbnailUrl":"https:\/\/glimsgloms.fi\/wp-content\/uploads\/2021\/11\/Raxu-kurkkaa-scaled.jpg","datePublished":"2024-11-11T08:41:21+00:00","dateModified":"2024-11-19T11:56:24+00:00","breadcrumb":{"@id":"https:\/\/glimsgloms.fi\/product\/raxu-taskunen-glims-gloms-studio-koululaisnaytos-2\/#breadcrumb"},"inLanguage":"en-US","potentialAction":[{"@type":"ReadAction","target":["https:\/\/glimsgloms.fi\/product\/raxu-taskunen-glims-gloms-studio-koululaisnaytos-2\/"]}]},{"@type":"ImageObject","inLanguage":"en-US","@id":"https:\/\/glimsgloms.fi\/product\/raxu-taskunen-glims-gloms-studio-koululaisnaytos-2\/#primaryimage","url":"https:\/\/glimsgloms.fi\/wp-content\/uploads\/2021\/11\/Raxu-kurkkaa-scaled.jpg","contentUrl":"https:\/\/glimsgloms.fi\/wp-content\/uploads\/2021\/11\/Raxu-kurkkaa-scaled.jpg","width":2560,"height":1707,"caption":"Raxu Taskunen, p\u00f6rr\u00f6inen k\u00e4sinukkeotus kurkkaa punaisen verhon takaa ja katsoo alas."},{"@type":"BreadcrumbList","@id":"https:\/\/glimsgloms.fi\/product\/raxu-taskunen-glims-gloms-studio-koululaisnaytos-2\/#breadcrumb","itemListElement":[{"@type":"ListItem","position":1,"name":"Home","item":"https:\/\/glimsgloms.fi\/en\/"},{"@type":"ListItem","position":2,"name":"Kauppa","item":"https:\/\/glimsgloms.fi\/kauppa\/"},{"@type":"ListItem","position":3,"name":"Raxu Taskunen \/ Glims &#038; Gloms studio (koululaisn\u00e4yt\u00f6s)"}]},{"@type":"WebSite","@id":"https:\/\/glimsgloms.fi\/#website","url":"https:\/\/glimsgloms.fi\/","name":"","description":"Dance Theatre for All","publisher":{"@id":"https:\/\/glimsgloms.fi\/#organization"},"potentialAction":[{"@type":"SearchAction","target":{"@type":"EntryPoint","urlTemplate":"https:\/\/glimsgloms.fi\/?s={search_term_string}"},"query-input":{"@type":"PropertyValueSpecification","valueRequired":true,"valueName":"search_term_string"}}],"inLanguage":"en-US"},{"@type":"Organization","@id":"https:\/\/glimsgloms.fi\/#organization","name":"Tanssiteatteri Glims & Gloms - koko perheen teatteri Espoossa","url":"https:\/\/glimsgloms.fi\/","logo":{"@type":"ImageObject","inLanguage":"en-US","@id":"https:\/\/glimsgloms.fi\/#\/schema\/logo\/image\/","url":"https:\/\/glimsgloms.fi\/wp-content\/uploads\/2020\/10\/cropped-GG-1.jpg","contentUrl":"https:\/\/glimsgloms.fi\/wp-content\/uploads\/2020\/10\/cropped-GG-1.jpg","width":512,"height":512,"caption":"Tanssiteatteri Glims & Gloms - koko perheen teatteri Espoossa"},"image":{"@id":"https:\/\/glimsgloms.fi\/#\/schema\/logo\/image\/"},"sameAs":["https:\/\/www.facebook.com\/glimsgloms","https:\/\/x.com\/Glimsgloms","https:\/\/www.instagram.com\/glimsgloms\/","https:\/\/www.linkedin.com\/company\/43366760\/admin\/","https:\/\/www.youtube.com\/user\/GlimsGloms","https:\/\/fi.wikipedia.org\/wiki\/Tanssiteatteri_Glims_&_Gloms"]}]}},"taxonomy_info":{"product_cat":[{"value":16,"label":"Uncategorized"}]},"featured_image_src_large":["https:\/\/glimsgloms.fi\/wp-content\/uploads\/2021\/11\/Raxu-kurkkaa-1024x683.jpg",1024,683,true],"author_info":{"display_name":"melinda","author_link":"https:\/\/glimsgloms.fi\/en\/author\/melinda\/"},"comment_info":"","_links":{"self":[{"href":"https:\/\/glimsgloms.fi\/en\/wp-json\/wp\/v2\/product\/6492","targetHints":{"allow":["GET"]}}],"collection":[{"href":"https:\/\/glimsgloms.fi\/en\/wp-json\/wp\/v2\/product"}],"about":[{"href":"https:\/\/glimsgloms.fi\/en\/wp-json\/wp\/v2\/types\/product"}],"author":[{"embeddable":true,"href":"https:\/\/glimsgloms.fi\/en\/wp-json\/wp\/v2\/users\/9"}],"wp:featuredmedia":[{"embeddable":true,"href":"https:\/\/glimsgloms.fi\/en\/wp-json\/wp\/v2\/media\/3570"}],"wp:attachment":[{"href":"https:\/\/glimsgloms.fi\/en\/wp-json\/wp\/v2\/media?parent=6492"}],"wp:term":[{"taxonomy":"product_brand","embeddable":true,"href":"https:\/\/glimsgloms.fi\/en\/wp-json\/wp\/v2\/product_brand?post=6492"},{"taxonomy":"product_cat","embeddable":true,"href":"https:\/\/glimsgloms.fi\/en\/wp-json\/wp\/v2\/product_cat?post=6492"},{"taxonomy":"product_tag","embeddable":true,"href":"https:\/\/glimsgloms.fi\/en\/wp-json\/wp\/v2\/product_tag?post=6492"},{"taxonomy":"esityskategoria","embeddable":true,"href":"https:\/\/glimsgloms.fi\/en\/wp-json\/wp\/v2\/esityskategoria?post=6492"}],"curies":[{"name":"wp","href":"https:\/\/api.w.org\/{rel}","templated":true}]}}