{"id":7007,"date":"2026-01-09T17:00:03","date_gmt":"2026-01-09T15:00:03","guid":{"rendered":"https:\/\/glimsgloms.fi\/?post_type=product&#038;p=7007"},"modified":"2026-01-09T17:00:04","modified_gmt":"2026-01-09T15:00:04","slug":"raxu-taskunen-vantaan-lastenkulttuurikeskus-pessi","status":"publish","type":"product","link":"https:\/\/glimsgloms.fi\/en\/product\/raxu-taskunen-vantaan-lastenkulttuurikeskus-pessi\/","title":{"rendered":"Raxu Taskunen \/ Vantaan lastenkulttuurikeskus Pessi"},"content":{"rendered":"<p>Raxu Taskunen tilausesitys Vantaan lastenkulttuuri Pessiss\u00e4.<\/p>\n","protected":false},"excerpt":{"rendered":"<p>Raxu Taskunen tilausesitys Vantaan lastenkulttuuri Pessiss\u00e4.<\/p>\n","protected":false},"author":9,"featured_media":3622,"template":"","meta":{"inline_featured_image":false,"_kad_blocks_custom_css":"","_kad_blocks_head_custom_js":"","_kad_blocks_body_custom_js":"","_kad_blocks_footer_custom_js":"","_kad_post_transparent":"default","_kad_post_title":"","_kad_post_layout":"default","_kad_post_sidebar_id":"","_kad_post_content_style":"default","_kad_post_vertical_padding":"default","_kad_post_feature":"","_kad_post_feature_position":"","_kad_post_header":false,"_kad_post_footer":false,"_kad_post_classname":"","_links_to":"","_links_to_target":""},"product_brand":[],"product_cat":[16],"product_tag":[],"esityskategoria":[],"class_list":{"0":"post-7007","1":"product","2":"type-product","3":"status-publish","4":"has-post-thumbnail","6":"product_cat-uncategorized","8":"first","9":"instock","10":"shipping-taxable","11":"product-type-simple","12":"entry","13":"content-bg","14":"loop-entry"},"yoast_head":"<!-- This site is optimized with the Yoast SEO plugin v27.3 - https:\/\/yoast.com\/product\/yoast-seo-wordpress\/ -->\n<title>Raxu Taskunen \/ Vantaan lastenkulttuurikeskus Pessi -<\/title>\n<meta name=\"robots\" content=\"index, follow, max-snippet:-1, max-image-preview:large, max-video-preview:-1\" \/>\n<link rel=\"canonical\" href=\"https:\/\/glimsgloms.fi\/product\/raxu-taskunen-vantaan-lastenkulttuurikeskus-pessi\/\" \/>\n<meta property=\"og:locale\" content=\"en_US\" \/>\n<meta property=\"og:type\" content=\"article\" \/>\n<meta property=\"og:title\" content=\"Raxu Taskunen \/ Vantaan lastenkulttuurikeskus Pessi -\" \/>\n<meta property=\"og:description\" content=\"Raxu Taskunen tilausesitys Vantaan lastenkulttuuri Pessiss\u00e4.\" \/>\n<meta property=\"og:url\" content=\"https:\/\/glimsgloms.fi\/product\/raxu-taskunen-vantaan-lastenkulttuurikeskus-pessi\/\" \/>\n<meta property=\"article:publisher\" content=\"https:\/\/www.facebook.com\/glimsgloms\" \/>\n<meta property=\"article:modified_time\" content=\"2026-01-09T15:00:04+00:00\" \/>\n<meta property=\"og:image\" content=\"https:\/\/glimsgloms.fi\/wp-content\/uploads\/2020\/08\/Raxu-ja-SIpulius-scaled.jpg\" \/>\n\t<meta property=\"og:image:width\" content=\"2560\" \/>\n\t<meta property=\"og:image:height\" content=\"1708\" \/>\n\t<meta property=\"og:image:type\" content=\"image\/jpeg\" \/>\n<meta name=\"twitter:card\" content=\"summary_large_image\" \/>\n<meta name=\"twitter:site\" content=\"@Glimsgloms\" \/>\n<meta name=\"twitter:label1\" content=\"Est. reading time\" \/>\n\t<meta name=\"twitter:data1\" content=\"1 minute\" \/>\n<script type=\"application\/ld+json\" class=\"yoast-schema-graph\">{\"@context\":\"https:\\\/\\\/schema.org\",\"@graph\":[{\"@type\":\"WebPage\",\"@id\":\"https:\\\/\\\/glimsgloms.fi\\\/product\\\/raxu-taskunen-vantaan-lastenkulttuurikeskus-pessi\\\/\",\"url\":\"https:\\\/\\\/glimsgloms.fi\\\/product\\\/raxu-taskunen-vantaan-lastenkulttuurikeskus-pessi\\\/\",\"name\":\"Raxu Taskunen \\\/ Vantaan lastenkulttuurikeskus Pessi -\",\"isPartOf\":{\"@id\":\"https:\\\/\\\/glimsgloms.fi\\\/#website\"},\"primaryImageOfPage\":{\"@id\":\"https:\\\/\\\/glimsgloms.fi\\\/product\\\/raxu-taskunen-vantaan-lastenkulttuurikeskus-pessi\\\/#primaryimage\"},\"image\":{\"@id\":\"https:\\\/\\\/glimsgloms.fi\\\/product\\\/raxu-taskunen-vantaan-lastenkulttuurikeskus-pessi\\\/#primaryimage\"},\"thumbnailUrl\":\"https:\\\/\\\/glimsgloms.fi\\\/wp-content\\\/uploads\\\/2020\\\/08\\\/Raxu-ja-SIpulius-scaled.jpg\",\"datePublished\":\"2026-01-09T15:00:03+00:00\",\"dateModified\":\"2026-01-09T15:00:04+00:00\",\"breadcrumb\":{\"@id\":\"https:\\\/\\\/glimsgloms.fi\\\/product\\\/raxu-taskunen-vantaan-lastenkulttuurikeskus-pessi\\\/#breadcrumb\"},\"inLanguage\":\"en-US\",\"potentialAction\":[{\"@type\":\"ReadAction\",\"target\":[\"https:\\\/\\\/glimsgloms.fi\\\/product\\\/raxu-taskunen-vantaan-lastenkulttuurikeskus-pessi\\\/\"]}]},{\"@type\":\"ImageObject\",\"inLanguage\":\"en-US\",\"@id\":\"https:\\\/\\\/glimsgloms.fi\\\/product\\\/raxu-taskunen-vantaan-lastenkulttuurikeskus-pessi\\\/#primaryimage\",\"url\":\"https:\\\/\\\/glimsgloms.fi\\\/wp-content\\\/uploads\\\/2020\\\/08\\\/Raxu-ja-SIpulius-scaled.jpg\",\"contentUrl\":\"https:\\\/\\\/glimsgloms.fi\\\/wp-content\\\/uploads\\\/2020\\\/08\\\/Raxu-ja-SIpulius-scaled.jpg\",\"width\":2560,\"height\":1708,\"caption\":\"Kuvassa Raxu Taskunen -nukke ja esiintyj\u00e4 Simo Heiskanen, joka pit\u00e4\u00e4 k\u00e4dess\u00e4\u00e4n chili\u00e4 h\u00e4mmentynyt ilme kasvoillaan.\"},{\"@type\":\"BreadcrumbList\",\"@id\":\"https:\\\/\\\/glimsgloms.fi\\\/product\\\/raxu-taskunen-vantaan-lastenkulttuurikeskus-pessi\\\/#breadcrumb\",\"itemListElement\":[{\"@type\":\"ListItem\",\"position\":1,\"name\":\"Home\",\"item\":\"https:\\\/\\\/glimsgloms.fi\\\/en\\\/\"},{\"@type\":\"ListItem\",\"position\":2,\"name\":\"Kauppa\",\"item\":\"https:\\\/\\\/glimsgloms.fi\\\/kauppa\\\/\"},{\"@type\":\"ListItem\",\"position\":3,\"name\":\"Raxu Taskunen \\\/ Vantaan lastenkulttuurikeskus Pessi\"}]},{\"@type\":\"WebSite\",\"@id\":\"https:\\\/\\\/glimsgloms.fi\\\/#website\",\"url\":\"https:\\\/\\\/glimsgloms.fi\\\/\",\"name\":\"\",\"description\":\"Dance Theatre for All\",\"publisher\":{\"@id\":\"https:\\\/\\\/glimsgloms.fi\\\/#organization\"},\"potentialAction\":[{\"@type\":\"SearchAction\",\"target\":{\"@type\":\"EntryPoint\",\"urlTemplate\":\"https:\\\/\\\/glimsgloms.fi\\\/?s={search_term_string}\"},\"query-input\":{\"@type\":\"PropertyValueSpecification\",\"valueRequired\":true,\"valueName\":\"search_term_string\"}}],\"inLanguage\":\"en-US\"},{\"@type\":\"Organization\",\"@id\":\"https:\\\/\\\/glimsgloms.fi\\\/#organization\",\"name\":\"Tanssiteatteri Glims & Gloms - koko perheen teatteri Espoossa\",\"url\":\"https:\\\/\\\/glimsgloms.fi\\\/\",\"logo\":{\"@type\":\"ImageObject\",\"inLanguage\":\"en-US\",\"@id\":\"https:\\\/\\\/glimsgloms.fi\\\/#\\\/schema\\\/logo\\\/image\\\/\",\"url\":\"https:\\\/\\\/glimsgloms.fi\\\/wp-content\\\/uploads\\\/2020\\\/10\\\/cropped-GG-1.jpg\",\"contentUrl\":\"https:\\\/\\\/glimsgloms.fi\\\/wp-content\\\/uploads\\\/2020\\\/10\\\/cropped-GG-1.jpg\",\"width\":512,\"height\":512,\"caption\":\"Tanssiteatteri Glims & Gloms - koko perheen teatteri Espoossa\"},\"image\":{\"@id\":\"https:\\\/\\\/glimsgloms.fi\\\/#\\\/schema\\\/logo\\\/image\\\/\"},\"sameAs\":[\"https:\\\/\\\/www.facebook.com\\\/glimsgloms\",\"https:\\\/\\\/x.com\\\/Glimsgloms\",\"https:\\\/\\\/www.instagram.com\\\/glimsgloms\\\/\",\"https:\\\/\\\/www.linkedin.com\\\/company\\\/43366760\\\/admin\\\/\",\"https:\\\/\\\/www.youtube.com\\\/user\\\/GlimsGloms\",\"https:\\\/\\\/fi.wikipedia.org\\\/wiki\\\/Tanssiteatteri_Glims_&_Gloms\"]}]}<\/script>\n<!-- \/ Yoast SEO plugin. -->","yoast_head_json":{"title":"Raxu Taskunen \/ Vantaan lastenkulttuurikeskus Pessi -","robots":{"index":"index","follow":"follow","max-snippet":"max-snippet:-1","max-image-preview":"max-image-preview:large","max-video-preview":"max-video-preview:-1"},"canonical":"https:\/\/glimsgloms.fi\/product\/raxu-taskunen-vantaan-lastenkulttuurikeskus-pessi\/","og_locale":"en_US","og_type":"article","og_title":"Raxu Taskunen \/ Vantaan lastenkulttuurikeskus Pessi -","og_description":"Raxu Taskunen tilausesitys Vantaan lastenkulttuuri Pessiss\u00e4.","og_url":"https:\/\/glimsgloms.fi\/product\/raxu-taskunen-vantaan-lastenkulttuurikeskus-pessi\/","article_publisher":"https:\/\/www.facebook.com\/glimsgloms","article_modified_time":"2026-01-09T15:00:04+00:00","og_image":[{"width":2560,"height":1708,"url":"https:\/\/glimsgloms.fi\/wp-content\/uploads\/2020\/08\/Raxu-ja-SIpulius-scaled.jpg","type":"image\/jpeg"}],"twitter_card":"summary_large_image","twitter_site":"@Glimsgloms","twitter_misc":{"Est. reading time":"1 minute"},"schema":{"@context":"https:\/\/schema.org","@graph":[{"@type":"WebPage","@id":"https:\/\/glimsgloms.fi\/product\/raxu-taskunen-vantaan-lastenkulttuurikeskus-pessi\/","url":"https:\/\/glimsgloms.fi\/product\/raxu-taskunen-vantaan-lastenkulttuurikeskus-pessi\/","name":"Raxu Taskunen \/ Vantaan lastenkulttuurikeskus Pessi -","isPartOf":{"@id":"https:\/\/glimsgloms.fi\/#website"},"primaryImageOfPage":{"@id":"https:\/\/glimsgloms.fi\/product\/raxu-taskunen-vantaan-lastenkulttuurikeskus-pessi\/#primaryimage"},"image":{"@id":"https:\/\/glimsgloms.fi\/product\/raxu-taskunen-vantaan-lastenkulttuurikeskus-pessi\/#primaryimage"},"thumbnailUrl":"https:\/\/glimsgloms.fi\/wp-content\/uploads\/2020\/08\/Raxu-ja-SIpulius-scaled.jpg","datePublished":"2026-01-09T15:00:03+00:00","dateModified":"2026-01-09T15:00:04+00:00","breadcrumb":{"@id":"https:\/\/glimsgloms.fi\/product\/raxu-taskunen-vantaan-lastenkulttuurikeskus-pessi\/#breadcrumb"},"inLanguage":"en-US","potentialAction":[{"@type":"ReadAction","target":["https:\/\/glimsgloms.fi\/product\/raxu-taskunen-vantaan-lastenkulttuurikeskus-pessi\/"]}]},{"@type":"ImageObject","inLanguage":"en-US","@id":"https:\/\/glimsgloms.fi\/product\/raxu-taskunen-vantaan-lastenkulttuurikeskus-pessi\/#primaryimage","url":"https:\/\/glimsgloms.fi\/wp-content\/uploads\/2020\/08\/Raxu-ja-SIpulius-scaled.jpg","contentUrl":"https:\/\/glimsgloms.fi\/wp-content\/uploads\/2020\/08\/Raxu-ja-SIpulius-scaled.jpg","width":2560,"height":1708,"caption":"Kuvassa Raxu Taskunen -nukke ja esiintyj\u00e4 Simo Heiskanen, joka pit\u00e4\u00e4 k\u00e4dess\u00e4\u00e4n chili\u00e4 h\u00e4mmentynyt ilme kasvoillaan."},{"@type":"BreadcrumbList","@id":"https:\/\/glimsgloms.fi\/product\/raxu-taskunen-vantaan-lastenkulttuurikeskus-pessi\/#breadcrumb","itemListElement":[{"@type":"ListItem","position":1,"name":"Home","item":"https:\/\/glimsgloms.fi\/en\/"},{"@type":"ListItem","position":2,"name":"Kauppa","item":"https:\/\/glimsgloms.fi\/kauppa\/"},{"@type":"ListItem","position":3,"name":"Raxu Taskunen \/ Vantaan lastenkulttuurikeskus Pessi"}]},{"@type":"WebSite","@id":"https:\/\/glimsgloms.fi\/#website","url":"https:\/\/glimsgloms.fi\/","name":"","description":"Dance Theatre for All","publisher":{"@id":"https:\/\/glimsgloms.fi\/#organization"},"potentialAction":[{"@type":"SearchAction","target":{"@type":"EntryPoint","urlTemplate":"https:\/\/glimsgloms.fi\/?s={search_term_string}"},"query-input":{"@type":"PropertyValueSpecification","valueRequired":true,"valueName":"search_term_string"}}],"inLanguage":"en-US"},{"@type":"Organization","@id":"https:\/\/glimsgloms.fi\/#organization","name":"Tanssiteatteri Glims & Gloms - koko perheen teatteri Espoossa","url":"https:\/\/glimsgloms.fi\/","logo":{"@type":"ImageObject","inLanguage":"en-US","@id":"https:\/\/glimsgloms.fi\/#\/schema\/logo\/image\/","url":"https:\/\/glimsgloms.fi\/wp-content\/uploads\/2020\/10\/cropped-GG-1.jpg","contentUrl":"https:\/\/glimsgloms.fi\/wp-content\/uploads\/2020\/10\/cropped-GG-1.jpg","width":512,"height":512,"caption":"Tanssiteatteri Glims & Gloms - koko perheen teatteri Espoossa"},"image":{"@id":"https:\/\/glimsgloms.fi\/#\/schema\/logo\/image\/"},"sameAs":["https:\/\/www.facebook.com\/glimsgloms","https:\/\/x.com\/Glimsgloms","https:\/\/www.instagram.com\/glimsgloms\/","https:\/\/www.linkedin.com\/company\/43366760\/admin\/","https:\/\/www.youtube.com\/user\/GlimsGloms","https:\/\/fi.wikipedia.org\/wiki\/Tanssiteatteri_Glims_&_Gloms"]}]}},"taxonomy_info":{"product_cat":[{"value":16,"label":"Uncategorized"}]},"featured_image_src_large":["https:\/\/glimsgloms.fi\/wp-content\/uploads\/2020\/08\/Raxu-ja-SIpulius-1024x683.jpg",1024,683,true],"author_info":{"display_name":"melinda","author_link":"https:\/\/glimsgloms.fi\/en\/author\/melinda\/"},"comment_info":"","_links":{"self":[{"href":"https:\/\/glimsgloms.fi\/en\/wp-json\/wp\/v2\/product\/7007","targetHints":{"allow":["GET"]}}],"collection":[{"href":"https:\/\/glimsgloms.fi\/en\/wp-json\/wp\/v2\/product"}],"about":[{"href":"https:\/\/glimsgloms.fi\/en\/wp-json\/wp\/v2\/types\/product"}],"author":[{"embeddable":true,"href":"https:\/\/glimsgloms.fi\/en\/wp-json\/wp\/v2\/users\/9"}],"wp:featuredmedia":[{"embeddable":true,"href":"https:\/\/glimsgloms.fi\/en\/wp-json\/wp\/v2\/media\/3622"}],"wp:attachment":[{"href":"https:\/\/glimsgloms.fi\/en\/wp-json\/wp\/v2\/media?parent=7007"}],"wp:term":[{"taxonomy":"product_brand","embeddable":true,"href":"https:\/\/glimsgloms.fi\/en\/wp-json\/wp\/v2\/product_brand?post=7007"},{"taxonomy":"product_cat","embeddable":true,"href":"https:\/\/glimsgloms.fi\/en\/wp-json\/wp\/v2\/product_cat?post=7007"},{"taxonomy":"product_tag","embeddable":true,"href":"https:\/\/glimsgloms.fi\/en\/wp-json\/wp\/v2\/product_tag?post=7007"},{"taxonomy":"esityskategoria","embeddable":true,"href":"https:\/\/glimsgloms.fi\/en\/wp-json\/wp\/v2\/esityskategoria?post=7007"}],"curies":[{"name":"wp","href":"https:\/\/api.w.org\/{rel}","templated":true}]}}