{"id":1623,"date":"2020-08-21T11:38:20","date_gmt":"2020-09-08T04:54:28","guid":{"rendered":"https:\/\/gg.tyonalla.fi\/media\/lehdistotiedotteet\/"},"modified":"2020-09-30T13:07:43","modified_gmt":"2020-09-30T10:07:43","slug":"lehdistotiedotteet","status":"publish","type":"page","link":"https:\/\/glimsgloms.fi\/sv\/media\/lehdistotiedotteet\/","title":{"rendered":"Pressmeddelanden"},"content":{"rendered":"<style>#kt-layout-id_2d10c4-0a > .kt-row-column-wrap{align-content:center;}:where(#kt-layout-id_2d10c4-0a > .kt-row-column-wrap) > .wp-block-kadence-column{justify-content:center;}#kt-layout-id_2d10c4-0a > .kt-row-column-wrap{column-gap:var(--global-kb-gap-md, 2rem);row-gap:var(--global-kb-gap-md, 2rem);padding-top:var( --global-kb-row-default-top, 25px );padding-bottom:var( --global-kb-row-default-bottom, 25px );padding-top:var(--global-kb-spacing-sm, 1.5rem);padding-bottom:var(--global-kb-spacing-sm, 1.5rem);min-height:400px;grid-template-columns:minmax(0, 1fr);}#kt-layout-id_2d10c4-0a{background-image:url('https:\/\/glimsgloms.fi\/wp-content\/uploads\/2020\/09\/media_tyopoyta_header_186430814.jpg');background-size:cover;background-position:center center;background-attachment:scroll;background-repeat:no-repeat;}#kt-layout-id_2d10c4-0a > .kt-row-layout-overlay{opacity:0.30;}@media all and (max-width: 1024px){#kt-layout-id_2d10c4-0a > .kt-row-column-wrap{grid-template-columns:minmax(0, 1fr);}}@media all and (max-width: 767px){#kt-layout-id_2d10c4-0a > .kt-row-column-wrap{grid-template-columns:minmax(0, 1fr);}}<\/style>\n<div class=\"wp-block-kadence-rowlayout alignnone\"><div id=\"kt-layout-id_2d10c4-0a\" class=\"kt-row-layout-inner kt-row-has-bg kt-layout-id_2d10c4-0a\"><div class=\"kt-row-column-wrap kt-has-1-columns kt-gutter-default kt-v-gutter-default kt-row-valign-middle kt-row-layout-equal kt-tab-layout-inherit kt-m-colapse-left-to-right kt-mobile-layout-row\"><style>.kadence-column_4e7824-df > .kt-inside-inner-col{border-top-width:0px;border-right-width:0px;border-bottom-width:0px;border-left-width:0px;}.kadence-column_4e7824-df > .kt-inside-inner-col,.kadence-column_4e7824-df > .kt-inside-inner-col:before{border-top-left-radius:0px;border-top-right-radius:0px;border-bottom-right-radius:0px;border-bottom-left-radius:0px;}.kadence-column_4e7824-df > .kt-inside-inner-col{column-gap:var(--global-kb-gap-sm, 1rem);}.kadence-column_4e7824-df > .kt-inside-inner-col{flex-direction:column;}.kadence-column_4e7824-df > .kt-inside-inner-col > .aligncenter{width:100%;}.kadence-column_4e7824-df > .kt-inside-inner-col:before{opacity:0.3;}.kadence-column_4e7824-df{position:relative;}@media all and (max-width: 1024px){.kadence-column_4e7824-df > .kt-inside-inner-col{flex-direction:column;justify-content:center;}}@media all and (max-width: 767px){.kadence-column_4e7824-df > .kt-inside-inner-col{flex-direction:column;justify-content:center;}}<\/style>\n<div class=\"wp-block-kadence-column inner-column-1 kadence-column_4e7824-df\"><div class=\"kt-inside-inner-col\"><style>.wp-block-kadence-advancedheading.kt-adv-heading_7aeccd-9b, .wp-block-kadence-advancedheading.kt-adv-heading_7aeccd-9b[data-kb-block=\"kb-adv-heading_7aeccd-9b\"]{margin-bottom:-1px;text-align:center;font-weight:bold;font-style:normal;text-shadow:1px 1px 3px rgba(0,0,0,0.59);}.wp-block-kadence-advancedheading.kt-adv-heading_7aeccd-9b mark.kt-highlight, .wp-block-kadence-advancedheading.kt-adv-heading_7aeccd-9b[data-kb-block=\"kb-adv-heading_7aeccd-9b\"] mark.kt-highlight{font-style:normal;color:#f76a0c;-webkit-box-decoration-break:clone;box-decoration-break:clone;padding-top:0px;padding-right:0px;padding-bottom:0px;padding-left:0px;}.wp-block-kadence-advancedheading.kt-adv-heading_7aeccd-9b img.kb-inline-image, .wp-block-kadence-advancedheading.kt-adv-heading_7aeccd-9b[data-kb-block=\"kb-adv-heading_7aeccd-9b\"] img.kb-inline-image{width:150px;vertical-align:baseline;}@media all and (max-width: 1024px){.wp-block-kadence-advancedheading.kt-adv-heading_7aeccd-9b, .wp-block-kadence-advancedheading.kt-adv-heading_7aeccd-9b[data-kb-block=\"kb-adv-heading_7aeccd-9b\"]{text-shadow:1px 1px 3px rgba(0,0,0,0.59);}}@media all and (max-width: 767px){.wp-block-kadence-advancedheading.kt-adv-heading_7aeccd-9b, .wp-block-kadence-advancedheading.kt-adv-heading_7aeccd-9b[data-kb-block=\"kb-adv-heading_7aeccd-9b\"]{text-shadow:1px 1px 3px rgba(0,0,0,0.59);}}<\/style>\n<h1 id=\"kt-adv-heading_7aeccd-9b\" class=\"kt-adv-heading_7aeccd-9b wp-block-kadence-advancedheading has-white-color\" style=\"text-align:center;margin-bottom:-1px;text-shadow:1px 1px 3px rgba(0,0,0,0.59)\">PressMeddelanden<\/h1>\n\n\n<style>.wp-block-kadence-advancedheading.kt-adv-heading_0ce374-c2, .wp-block-kadence-advancedheading.kt-adv-heading_0ce374-c2[data-kb-block=\"kb-adv-heading_0ce374-c2\"]{margin-top:-1px;text-align:center;font-size:15px;font-weight:bold;font-style:normal;}.wp-block-kadence-advancedheading.kt-adv-heading_0ce374-c2 mark.kt-highlight, .wp-block-kadence-advancedheading.kt-adv-heading_0ce374-c2[data-kb-block=\"kb-adv-heading_0ce374-c2\"] mark.kt-highlight{font-style:normal;color:#f76a0c;-webkit-box-decoration-break:clone;box-decoration-break:clone;padding-top:0px;padding-right:0px;padding-bottom:0px;padding-left:0px;}.wp-block-kadence-advancedheading.kt-adv-heading_0ce374-c2 img.kb-inline-image, .wp-block-kadence-advancedheading.kt-adv-heading_0ce374-c2[data-kb-block=\"kb-adv-heading_0ce374-c2\"] img.kb-inline-image{width:150px;vertical-align:baseline;}<\/style>\n<h4 id=\"kt-adv-heading_0ce374-c2\" class=\"kt-adv-heading_0ce374-c2 wp-block-kadence-advancedheading has-white-color\" style=\"text-align:center;margin-top:-1px\">Arkiv<\/h4>\n<\/div><\/div>\n<\/div><\/div><\/div>\n\n\n<style>#kt-layout-id_d0ddea-c0 > .kt-row-column-wrap{align-content:start;}:where(#kt-layout-id_d0ddea-c0 > .kt-row-column-wrap) > .wp-block-kadence-column{justify-content:start;}#kt-layout-id_d0ddea-c0 > .kt-row-column-wrap{column-gap:var(--global-kb-gap-md, 2rem);row-gap:var(--global-kb-gap-md, 2rem);max-width:80%;margin-left:auto;margin-right:auto;padding-top:var( --global-kb-row-default-top, 25px );padding-bottom:var( --global-kb-row-default-bottom, 25px );padding-top:var(--global-kb-spacing-sm, 1.5rem);padding-bottom:var(--global-kb-spacing-sm, 1.5rem);grid-template-columns:minmax(0, 1fr);}#kt-layout-id_d0ddea-c0 > .kt-row-layout-overlay{opacity:0.30;}@media all and (max-width: 1024px){#kt-layout-id_d0ddea-c0 > .kt-row-column-wrap{grid-template-columns:minmax(0, 1fr);}}@media all and (max-width: 767px){#kt-layout-id_d0ddea-c0 > .kt-row-column-wrap{grid-template-columns:minmax(0, 1fr);}}<\/style>\n<div class=\"wp-block-kadence-rowlayout alignnone\"><div id=\"kt-layout-id_d0ddea-c0\" class=\"kt-row-layout-inner kt-layout-id_d0ddea-c0\"><div class=\"kt-row-column-wrap kt-has-1-columns kt-gutter-default kt-v-gutter-default kt-row-valign-top kt-row-layout-equal kt-tab-layout-inherit kt-m-colapse-left-to-right kt-mobile-layout-row\"><style>.kadence-column_05ffa8-24 > .kt-inside-inner-col{border-top-width:0px;border-right-width:0px;border-bottom-width:0px;border-left-width:0px;}.kadence-column_05ffa8-24 > .kt-inside-inner-col,.kadence-column_05ffa8-24 > .kt-inside-inner-col:before{border-top-left-radius:0px;border-top-right-radius:0px;border-bottom-right-radius:0px;border-bottom-left-radius:0px;}.kadence-column_05ffa8-24 > .kt-inside-inner-col{column-gap:var(--global-kb-gap-sm, 1rem);}.kadence-column_05ffa8-24 > .kt-inside-inner-col{flex-direction:column;}.kadence-column_05ffa8-24 > .kt-inside-inner-col > .aligncenter{width:100%;}.kadence-column_05ffa8-24 > .kt-inside-inner-col:before{opacity:0.3;}.kadence-column_05ffa8-24{position:relative;}@media all and (max-width: 1024px){.kadence-column_05ffa8-24 > .kt-inside-inner-col{flex-direction:column;justify-content:center;}}@media all and (max-width: 767px){.kadence-column_05ffa8-24 > .kt-inside-inner-col{flex-direction:column;justify-content:center;}}<\/style>\n<div class=\"wp-block-kadence-column inner-column-1 kadence-column_05ffa8-24\"><div class=\"kt-inside-inner-col\"><div class=\"wpv-view-output\" data-toolset-views-view-editor=\"9faa9e5d1eccd2fdac1a3f261186b1ab\">\n<div class=\"wp-block-toolset-views-view-editor wpv-gutenberg-view-wrapper-756\">\n\n\n<div id=\"wpv-view-layout-756-CATTR8990875f01755206aa14284d719c48d0\" class=\"js-wpv-view-layout js-wpv-layout-responsive js-wpv-view-layout-756-CATTR8990875f01755206aa14284d719c48d0\" data-viewnumber=\"756-CATTR8990875f01755206aa14284d719c48d0\" data-pagination=\"{&quot;id&quot;:756,&quot;query&quot;:&quot;normal&quot;,&quot;type&quot;:&quot;disabled&quot;,&quot;effect&quot;:&quot;fade&quot;,&quot;duration&quot;:500,&quot;speed&quot;:5,&quot;pause_on_hover&quot;:&quot;disabled&quot;,&quot;stop_rollover&quot;:&quot;false&quot;,&quot;cache_pages&quot;:&quot;enabled&quot;,&quot;preload_images&quot;:&quot;enabled&quot;,&quot;preload_pages&quot;:&quot;enabled&quot;,&quot;preload_reach&quot;:1,&quot;spinner&quot;:&quot;builtin&quot;,&quot;spinner_image&quot;:&quot;https:\/\/glimsgloms.fi\/wp-content\/plugins\/wp-views\/embedded\/res\/img\/ajax-loader.gif&quot;,&quot;callback_next&quot;:&quot;&quot;,&quot;manage_history&quot;:&quot;enabled&quot;,&quot;has_controls_in_form&quot;:&quot;disabled&quot;,&quot;infinite_tolerance&quot;:&quot;0&quot;,&quot;max_pages&quot;:0,&quot;page&quot;:1,&quot;base_permalink&quot;:&quot;\/sv\/wp-json\/wp\/v2\/pages\/1623?wpv_view_count=756-CATTR8990875f01755206aa14284d719c48d0&amp;wpv_paged=WPV_PAGE_NUM&quot;,&quot;loop&quot;:{&quot;type&quot;:&quot;&quot;,&quot;name&quot;:&quot;&quot;,&quot;data&quot;:[],&quot;id&quot;:0}}\" data-permalink=\"\/sv\/wp-json\/wp\/v2\/pages\/1623?wpv_view_count=756-CATTR8990875f01755206aa14284d719c48d0\">\n\n\t\n\t\n\t\n\t\t<h2 class=\"otsikko\">GLIMS &#038; GLOMS STARTAR H\u00d6STEN MED EN UTOMHUSTURN\u00c9<\/h2>\n<p class=\"date\">17 augusti 2020<\/p>\n<div class=\"juttu\"><a class=\"teaser\" data-toggle=\"collapse\" href=\"#post2056\" data-target=\"#post2056\"><p>SIMO HEISKANEN TOLKAR MIRKKA REKOLAS DIKTER P\u00c5 ESBOS SERVICEHUS G\u00c5RDAR I AUGUSTI 2020 Glims &amp; Gloms \u00f6ppnar sin h\u00f6sts\u00e4song med Simo Heiskanens solof\u00f6rest\u00e4llning&nbsp;Min\u00e4 unohdin miten suuressa talossa asun&nbsp;(Jag gl\u00f6mde hur stort hus jag bor i&#8230; Lue lis\u00e4\u00e4 &#x3e;<\/p>\n<\/a>\n  <div class=\"collapse\" id=\"post2056\">\n<p>SIMO HEISKANEN TOLKAR MIRKKA REKOLAS DIKTER P\u00c5 ESBOS SERVICEHUS G\u00c5RDAR I AUGUSTI 2020<\/p>\n\n\n\n<p>Glims &amp; Gloms \u00f6ppnar sin h\u00f6sts\u00e4song med Simo Heiskanens solof\u00f6rest\u00e4llning&nbsp;<em>Min\u00e4 unohdin miten suuressa talossa asun<\/em>&nbsp;(Jag gl\u00f6mde hur stort hus jag bor i) med f\u00f6rhandsvisningar p\u00e5 servicehus och v\u00e5rhems g\u00e5rdar i Esbo. I sina f\u00f6rest\u00e4llningar tolkar Heiskanen Mirkka Rekolas dikter med s\u00e5ng, h\u00f6gl\u00e4sning och dans.<\/p>\n\n\n\n<p>Scenverket&nbsp;<em>Min\u00e4 unohdin miten suuressa talossa asun<\/em>&nbsp;kombinerar r\u00f6relse och m\u00e4nsklig r\u00f6st, och i f\u00f6rest\u00e4llningen m\u00f6ts det f\u00f6rflutna, nuet och f\u00f6rebud av framtiden. Mirkka Rekolas dikter tolkade med uttal och s\u00e5ng fungerar som f\u00f6rest\u00e4llingens r\u00f6da tr\u00e5d. F\u00f6rest\u00e4llningen som \u00e4r komponerad av Simo Heiskanen, fl\u00e4tar ihop livets kortvarighet och m\u00e4nniskominnets slumpm\u00e4ssighet. Fr\u00e5n en f\u00f6rg\u00e5ngen tids danssteg v\u00e4xer en koreografi som v\u00e4cker h\u00e5gkomst. Visualiseringen av f\u00f6rest\u00e4llningen \u2013 r\u00f6relsen och kostymerna skapar associationer som \u00e4r \u00e5terkommande diktbilder i Rekolas dikter \u2013 havets sinnesst\u00e4mningar, \u00f6verg\u00e5ngar av \u00e5rstider. Verket&nbsp;&nbsp;tilltalar och utmanar \u00e5sk\u00e5dare i alla \u00e5ldrar till uppm\u00e4rksamhet och en inre dialog med Rekolas poesi tack vare sin spr\u00e5kliga och uttryckliga nyansrikedom.<\/p>\n\n\n\n<p>Glims &amp; Gloms producerar f\u00f6rhandsvisningsturn\u00e9n av&nbsp;<em>Min\u00e4 unohdin miten suuressa talossa asun<\/em>&nbsp;tillsammans med Esbo stads projekt Kulturkedjan. Turn\u00e9f\u00f6rest\u00e4llningarna \u00e4r huvudsakligen riktade till boende i servicehus. P\u00e5 El\u00e4 ja asu -seniorcentrets g\u00e5rd i K\u00f6klax ordnas en f\u00f6rest\u00e4llning som \u00e4r \u00f6ppen f\u00f6r andra kunder i huset torsdagen den 20. augusti klockan 13.30.<\/p>\n\n\n\n<p>F\u00f6rest\u00e4llningen har sin premi\u00e4r v\u00e5ren 2021.<\/p>\n<\/div><\/div>\n\t\n\t\t<h2 class=\"otsikko\">SUOMEN KULTTUURIRAHASTON TUKEMA KAUPPAKESKUSTEATTERI SAAPUU J\u00c4LLEEN SKANSSIIN<\/h2>\n<p class=\"date\">10 mars 2020<\/p>\n<div class=\"juttu\"><a class=\"teaser\" data-toggle=\"collapse\" href=\"#post2050\" data-target=\"#post2050\"><p>Suomen Kulttuurirahasto my\u00f6nsi helmikuussa 2020 Glims &amp; Gloms Kauppakeskusteatterin toimintaan 110 000 euron apurahan, joka mahdollistaa Kauppakeskusteatterin kiertuetoiminnan tulevina vuosina eri puolilla Suomea. Ensimm\u00e4iseksi Kauppakeskusteatte&#8230; Lue lis\u00e4\u00e4 &#x3e;<\/p>\n<\/a><\/p>\n<div class=\"collapse\" id=\"post2050\">\n<p id=\"u229668-2\">Suomen Kulttuurirahasto my\u00f6nsi helmikuussa 2020 Glims &amp; Gloms Kauppakeskusteatterin toimintaan 110 000 euron apurahan, joka mahdollistaa Kauppakeskusteatterin kiertuetoiminnan tulevina vuosina eri puolilla Suomea. Ensimm\u00e4iseksi Kauppakeskusteatteri palaa Skanssin kauppakeskukseeen 27.3.-7.4.2020.<\/p>\n\n\n\n<p>Kauppakeskusteatteri on Glims &amp; Glomsin ideoima ja konseptoima pop up&nbsp; -kiertueteatteri, joka tarjoaa koko perheen teatteriesityksi\u00e4 helposti saavutettavasti. Nyt rahoitettavan hankkeen aikana volyymia kasvatetaan nykyisest\u00e4 kahdesta kauppakeskuksesta kuuteen kauppakeskukseen vuodessa. Kauppakeskusteatterin ohjelmistossa on 7-9 eri teosta vuosina 2020-23.<\/p>\n\n\n\n<p>Glims &amp; Gloms on kehitt\u00e4nyt Kauppakeskusteatterikonseptia puolentoista vuoden ajan. T\u00e4h\u00e4n menness\u00e4 Kauppakeskusteatteri on toiminut Entressen kauppakeskuksessa Espoossa ja Skanssin kauppakeskuksessa Turussa.<\/p>\n\n\n\n<p>T\u00e4ll\u00e4 kertaa Kauppakeskusteatteri tuo Skanssiin Simo Heiskasen ja Kaisa Niemen DJ M\u00f6lytoosa ja Mummu -esityksen, joka on \u00e4\u00e4nek\u00e4s ja hykerrytt\u00e4v\u00e4 komedia P\u00f6lym\u00f6ly -nimisen radioaseman vauhdikkaasta aamup\u00e4iv\u00e4st\u00e4. Katsoja p\u00e4\u00e4see P\u00f6lym\u00f6lyn studioon n\u00e4kem\u00e4\u00e4n kommelluksia ja vastoink\u00e4ymisi\u00e4, jotka eiv\u00e4t onneksi radiokuuntelijoille v\u00e4lity.<\/p>\n\n\n\n<p>P\u00f6lym\u00f6lyn ohjelmat ovat kokeilevia ja ennakkoluulottomia. L\u00e4hetyksess\u00e4 tanssitaan, leivotaan ja osallistutaan jopa olympialaisiin. Uutiset luetaan laulaen ja Kilauta kaverille -ohjelmaan saadaan vieraaksi itse herra Odobenus Rosmarus eli Mursu.<\/p>\n\n\n\n<p>N\u00e4yt\u00f6sajat:<\/p>\n\n\n\n<p>pe 27.3. klo 18<br>la 28.3. klo 11 ja klo 13<br>su 29.3. klo 13<br>la 4.4. klo 11 ja klo 13<br>su 5.4. klo 13<br>ma 6.4. klo 10<br>ti 7.4. klo 10<\/p>\n<\/div>\n<\/div>\n\n\t\n\t\n\t\n\t\n<\/div>\n<\/div>\n<\/div><\/div><\/div>\n<\/div><\/div><\/div>\n\n\n\n<p><\/p>\n","protected":false},"excerpt":{"rendered":"<p>PressMeddelanden Arkiv<\/p>\n","protected":false},"author":2,"featured_media":0,"parent":1615,"menu_order":0,"comment_status":"closed","ping_status":"closed","template":"","meta":{"inline_featured_image":false,"_kad_blocks_custom_css":"","_kad_blocks_head_custom_js":"","_kad_blocks_body_custom_js":"","_kad_blocks_footer_custom_js":"","_kad_post_transparent":"","_kad_post_title":"","_kad_post_layout":"","_kad_post_sidebar_id":"","_kad_post_content_style":"","_kad_post_vertical_padding":"","_kad_post_feature":"","_kad_post_feature_position":"","_kad_post_header":false,"_kad_post_footer":false,"_kad_post_classname":"","footnotes":"","_links_to":"","_links_to_target":""},"class_list":["post-1623","page","type-page","status-publish","hentry"],"yoast_head":"<!-- This site is optimized with the Yoast SEO plugin v27.3 - https:\/\/yoast.com\/product\/yoast-seo-wordpress\/ -->\n<title>Pressmeddelanden - GLIMS &amp; GLOMS<\/title>\n<meta name=\"robots\" content=\"index, follow, max-snippet:-1, max-image-preview:large, max-video-preview:-1\" \/>\n<link rel=\"canonical\" href=\"https:\/\/glimsgloms.fi\/sv\/media\/lehdistotiedotteet\/\" \/>\n<meta property=\"og:locale\" content=\"sv_SE\" \/>\n<meta property=\"og:type\" content=\"article\" \/>\n<meta property=\"og:title\" content=\"Pressmeddelanden - GLIMS &amp; GLOMS\" \/>\n<meta property=\"og:description\" content=\"PressMeddelanden Arkiv\" \/>\n<meta property=\"og:url\" content=\"https:\/\/glimsgloms.fi\/sv\/media\/lehdistotiedotteet\/\" \/>\n<meta property=\"og:site_name\" content=\"GLIMS &amp; GLOMS\" \/>\n<meta property=\"article:publisher\" content=\"https:\/\/www.facebook.com\/glimsgloms\" \/>\n<meta property=\"article:modified_time\" content=\"2020-09-30T10:07:43+00:00\" \/>\n<meta name=\"twitter:card\" content=\"summary_large_image\" \/>\n<meta name=\"twitter:site\" content=\"@Glimsgloms\" \/>\n<script type=\"application\/ld+json\" class=\"yoast-schema-graph\">{\"@context\":\"https:\\\/\\\/schema.org\",\"@graph\":[{\"@type\":\"WebPage\",\"@id\":\"https:\\\/\\\/glimsgloms.fi\\\/sv\\\/media\\\/lehdistotiedotteet\\\/\",\"url\":\"https:\\\/\\\/glimsgloms.fi\\\/sv\\\/media\\\/lehdistotiedotteet\\\/\",\"name\":\"Pressmeddelanden - GLIMS &amp; GLOMS\",\"isPartOf\":{\"@id\":\"https:\\\/\\\/glimsgloms.fi\\\/#website\"},\"datePublished\":\"2020-09-08T04:54:28+00:00\",\"dateModified\":\"2020-09-30T10:07:43+00:00\",\"breadcrumb\":{\"@id\":\"https:\\\/\\\/glimsgloms.fi\\\/sv\\\/media\\\/lehdistotiedotteet\\\/#breadcrumb\"},\"inLanguage\":\"sv-SE\",\"potentialAction\":[{\"@type\":\"ReadAction\",\"target\":[\"https:\\\/\\\/glimsgloms.fi\\\/sv\\\/media\\\/lehdistotiedotteet\\\/\"]}]},{\"@type\":\"BreadcrumbList\",\"@id\":\"https:\\\/\\\/glimsgloms.fi\\\/sv\\\/media\\\/lehdistotiedotteet\\\/#breadcrumb\",\"itemListElement\":[{\"@type\":\"ListItem\",\"position\":1,\"name\":\"Home\",\"item\":\"https:\\\/\\\/glimsgloms.fi\\\/sv\\\/\"},{\"@type\":\"ListItem\",\"position\":2,\"name\":\"Media\",\"item\":\"https:\\\/\\\/glimsgloms.fi\\\/sv\\\/media\\\/\"},{\"@type\":\"ListItem\",\"position\":3,\"name\":\"Pressmeddelanden\"}]},{\"@type\":\"WebSite\",\"@id\":\"https:\\\/\\\/glimsgloms.fi\\\/#website\",\"url\":\"https:\\\/\\\/glimsgloms.fi\\\/\",\"name\":\"GLIMS &amp; GLOMS\",\"description\":\"Dansteater f\u00f6r alla\",\"publisher\":{\"@id\":\"https:\\\/\\\/glimsgloms.fi\\\/#organization\"},\"potentialAction\":[{\"@type\":\"SearchAction\",\"target\":{\"@type\":\"EntryPoint\",\"urlTemplate\":\"https:\\\/\\\/glimsgloms.fi\\\/?s={search_term_string}\"},\"query-input\":{\"@type\":\"PropertyValueSpecification\",\"valueRequired\":true,\"valueName\":\"search_term_string\"}}],\"inLanguage\":\"sv-SE\"},{\"@type\":\"Organization\",\"@id\":\"https:\\\/\\\/glimsgloms.fi\\\/#organization\",\"name\":\"Tanssiteatteri Glims & Gloms - koko perheen teatteri Espoossa\",\"url\":\"https:\\\/\\\/glimsgloms.fi\\\/\",\"logo\":{\"@type\":\"ImageObject\",\"inLanguage\":\"sv-SE\",\"@id\":\"https:\\\/\\\/glimsgloms.fi\\\/#\\\/schema\\\/logo\\\/image\\\/\",\"url\":\"https:\\\/\\\/glimsgloms.fi\\\/wp-content\\\/uploads\\\/2020\\\/10\\\/cropped-GG-1.jpg\",\"contentUrl\":\"https:\\\/\\\/glimsgloms.fi\\\/wp-content\\\/uploads\\\/2020\\\/10\\\/cropped-GG-1.jpg\",\"width\":512,\"height\":512,\"caption\":\"Tanssiteatteri Glims & Gloms - koko perheen teatteri Espoossa\"},\"image\":{\"@id\":\"https:\\\/\\\/glimsgloms.fi\\\/#\\\/schema\\\/logo\\\/image\\\/\"},\"sameAs\":[\"https:\\\/\\\/www.facebook.com\\\/glimsgloms\",\"https:\\\/\\\/x.com\\\/Glimsgloms\",\"https:\\\/\\\/www.instagram.com\\\/glimsgloms\\\/\",\"https:\\\/\\\/www.linkedin.com\\\/company\\\/43366760\\\/admin\\\/\",\"https:\\\/\\\/www.youtube.com\\\/user\\\/GlimsGloms\",\"https:\\\/\\\/fi.wikipedia.org\\\/wiki\\\/Tanssiteatteri_Glims_&_Gloms\"]}]}<\/script>\n<!-- \/ Yoast SEO plugin. -->","yoast_head_json":{"title":"Pressmeddelanden - GLIMS &amp; GLOMS","robots":{"index":"index","follow":"follow","max-snippet":"max-snippet:-1","max-image-preview":"max-image-preview:large","max-video-preview":"max-video-preview:-1"},"canonical":"https:\/\/glimsgloms.fi\/sv\/media\/lehdistotiedotteet\/","og_locale":"sv_SE","og_type":"article","og_title":"Pressmeddelanden - GLIMS &amp; GLOMS","og_description":"PressMeddelanden Arkiv","og_url":"https:\/\/glimsgloms.fi\/sv\/media\/lehdistotiedotteet\/","og_site_name":"GLIMS &amp; GLOMS","article_publisher":"https:\/\/www.facebook.com\/glimsgloms","article_modified_time":"2020-09-30T10:07:43+00:00","twitter_card":"summary_large_image","twitter_site":"@Glimsgloms","schema":{"@context":"https:\/\/schema.org","@graph":[{"@type":"WebPage","@id":"https:\/\/glimsgloms.fi\/sv\/media\/lehdistotiedotteet\/","url":"https:\/\/glimsgloms.fi\/sv\/media\/lehdistotiedotteet\/","name":"Pressmeddelanden - GLIMS &amp; GLOMS","isPartOf":{"@id":"https:\/\/glimsgloms.fi\/#website"},"datePublished":"2020-09-08T04:54:28+00:00","dateModified":"2020-09-30T10:07:43+00:00","breadcrumb":{"@id":"https:\/\/glimsgloms.fi\/sv\/media\/lehdistotiedotteet\/#breadcrumb"},"inLanguage":"sv-SE","potentialAction":[{"@type":"ReadAction","target":["https:\/\/glimsgloms.fi\/sv\/media\/lehdistotiedotteet\/"]}]},{"@type":"BreadcrumbList","@id":"https:\/\/glimsgloms.fi\/sv\/media\/lehdistotiedotteet\/#breadcrumb","itemListElement":[{"@type":"ListItem","position":1,"name":"Home","item":"https:\/\/glimsgloms.fi\/sv\/"},{"@type":"ListItem","position":2,"name":"Media","item":"https:\/\/glimsgloms.fi\/sv\/media\/"},{"@type":"ListItem","position":3,"name":"Pressmeddelanden"}]},{"@type":"WebSite","@id":"https:\/\/glimsgloms.fi\/#website","url":"https:\/\/glimsgloms.fi\/","name":"GLIMS &amp; GLOMS","description":"Dansteater f\u00f6r alla","publisher":{"@id":"https:\/\/glimsgloms.fi\/#organization"},"potentialAction":[{"@type":"SearchAction","target":{"@type":"EntryPoint","urlTemplate":"https:\/\/glimsgloms.fi\/?s={search_term_string}"},"query-input":{"@type":"PropertyValueSpecification","valueRequired":true,"valueName":"search_term_string"}}],"inLanguage":"sv-SE"},{"@type":"Organization","@id":"https:\/\/glimsgloms.fi\/#organization","name":"Tanssiteatteri Glims & Gloms - koko perheen teatteri Espoossa","url":"https:\/\/glimsgloms.fi\/","logo":{"@type":"ImageObject","inLanguage":"sv-SE","@id":"https:\/\/glimsgloms.fi\/#\/schema\/logo\/image\/","url":"https:\/\/glimsgloms.fi\/wp-content\/uploads\/2020\/10\/cropped-GG-1.jpg","contentUrl":"https:\/\/glimsgloms.fi\/wp-content\/uploads\/2020\/10\/cropped-GG-1.jpg","width":512,"height":512,"caption":"Tanssiteatteri Glims & Gloms - koko perheen teatteri Espoossa"},"image":{"@id":"https:\/\/glimsgloms.fi\/#\/schema\/logo\/image\/"},"sameAs":["https:\/\/www.facebook.com\/glimsgloms","https:\/\/x.com\/Glimsgloms","https:\/\/www.instagram.com\/glimsgloms\/","https:\/\/www.linkedin.com\/company\/43366760\/admin\/","https:\/\/www.youtube.com\/user\/GlimsGloms","https:\/\/fi.wikipedia.org\/wiki\/Tanssiteatteri_Glims_&_Gloms"]}]}},"taxonomy_info":[],"featured_image_src_large":false,"author_info":{"display_name":"katjalampela","author_link":"https:\/\/glimsgloms.fi\/sv\/author\/katjalampela\/"},"comment_info":0,"_links":{"self":[{"href":"https:\/\/glimsgloms.fi\/sv\/wp-json\/wp\/v2\/pages\/1623","targetHints":{"allow":["GET"]}}],"collection":[{"href":"https:\/\/glimsgloms.fi\/sv\/wp-json\/wp\/v2\/pages"}],"about":[{"href":"https:\/\/glimsgloms.fi\/sv\/wp-json\/wp\/v2\/types\/page"}],"author":[{"embeddable":true,"href":"https:\/\/glimsgloms.fi\/sv\/wp-json\/wp\/v2\/users\/2"}],"replies":[{"embeddable":true,"href":"https:\/\/glimsgloms.fi\/sv\/wp-json\/wp\/v2\/comments?post=1623"}],"version-history":[{"count":3,"href":"https:\/\/glimsgloms.fi\/sv\/wp-json\/wp\/v2\/pages\/1623\/revisions"}],"predecessor-version":[{"id":2045,"href":"https:\/\/glimsgloms.fi\/sv\/wp-json\/wp\/v2\/pages\/1623\/revisions\/2045"}],"up":[{"embeddable":true,"href":"https:\/\/glimsgloms.fi\/sv\/wp-json\/wp\/v2\/pages\/1615"}],"wp:attachment":[{"href":"https:\/\/glimsgloms.fi\/sv\/wp-json\/wp\/v2\/media?parent=1623"}],"curies":[{"name":"wp","href":"https:\/\/api.w.org\/{rel}","templated":true}]}}