{"id":4768,"date":"2022-11-29T14:43:56","date_gmt":"2022-11-29T12:43:56","guid":{"rendered":"https:\/\/glimsgloms.fi\/kulps-kulttuuripolku-toinen-aste\/"},"modified":"2023-01-25T13:14:48","modified_gmt":"2023-01-25T11:14:48","slug":"kulps-kulttuuripolku-toinen-aste","status":"publish","type":"page","link":"https:\/\/glimsgloms.fi\/sv\/kulps-kulttuuripolku-toinen-aste\/","title":{"rendered":"KULPS Kulturstigen f\u00f6r andra stadiet"},"content":{"rendered":"\n<div class=\"wp-block-group\" style=\"border-top-color:var(--wp--preset--color--ast-global-color-5);border-top-width:27px;border-right-color:var(--wp--preset--color--ast-global-color-5);border-right-width:42px;border-bottom-color:var(--wp--preset--color--ast-global-color-5);border-bottom-width:27px;border-left-color:var(--wp--preset--color--ast-global-color-5);border-left-width:27px;padding-top:0;padding-right:var(--wp--preset--spacing--50);padding-bottom:0;padding-left:var(--wp--preset--spacing--50)\"><div class=\"wp-block-group__inner-container is-layout-constrained wp-container-core-group-is-layout-85750ce3 wp-block-group-is-layout-constrained\">\n<p>KULPS Kulturstigen f\u00f6r andra stadiet erbjuder gratis konst- och kulturupplevelser b\u00e5de under studiedagen och p\u00e5 fritiden. Kulturstigens utbud st\u00f6djer uppn\u00e5endet av m\u00e5len f\u00f6r l\u00e4rande p\u00e5 andra stadiet. I programmet ing\u00e5r till studierna anknytande konserter, presentationer, workshoppar, guidning p\u00e5 museer och digitala kulturtj\u00e4nster p\u00e5 webben. <br><br>Bekanta dig med utbudet och bokningsintruktioner p\u00e5 sidan: esbo.fi\/kulturstigen-for-andra-stadiet<br><br><strong>GLIMS &amp; GLOMS D<\/strong>oc.<\/p>\n\n\n\n<p><\/p>\n\n\n\n<p id=\"tw-target-text\">Glims &amp; Gloms ett 20-minuters digitalt kulturellt som inneh\u00e5ller information om dansteaterns verksamhet. Videon ber\u00e4ttar om dansteaterns aktiviteter bakom kulisserna: f\u00f6rest\u00e4llningarna och deras f\u00f6rberedelser, Glims &amp; Gloms olika produktionen och Glims &amp; Gloms \u00c4ff\u00e4rscentrumsteatern. <br><br>Du kan se videon h\u00e4r:<br><\/p>\n\n\n\n<figure class=\"wp-block-embed is-type-video is-provider-youtube wp-block-embed-youtube wp-embed-aspect-16-9 wp-has-aspect-ratio\"><div class=\"wp-block-embed__wrapper\">\n<iframe loading=\"lazy\" title=\"GLIMS &amp; GLOMS - 2. ASTEEN VERKKOKURSSI\" width=\"720\" height=\"405\" src=\"https:\/\/www.youtube.com\/embed\/HSD8giJLzrQ?start=578&#038;feature=oembed\" frameborder=\"0\" allow=\"accelerometer; autoplay; clipboard-write; encrypted-media; gyroscope; picture-in-picture; web-share\" allowfullscreen><\/iframe>\n<\/div><\/figure>\n\n\n\n<p>BACHPROJEKTET<br><br>En del av KULPS Kulturstigen f\u00f6r andra stadiet Glims &amp; Gloms erbjuder biljetter till Bachprojektet i Danses Hus Erkko-salen. Tuomo Railos Bachprojektet \u00e4r en koreografi f\u00f6r nio dansare. I verket h\u00f6r man J.S. Bachs\u00a0Goldbergvariationer tolkade av pianisten Risto Lauriala.<br><br>F\u00f6rest\u00e4llningar i Danses Hus Erkko-salen: <br>16.2.2023 kl. 19<br>17.2.2023 kl. 19<br><br>Du kan boka biljetter till f\u00f6rest\u00e4llningen: melinda@glimsgloms.fi<\/p>\n<\/div><\/div>\n","protected":false},"excerpt":{"rendered":"<p>KULPS Kulturstigen f\u00f6r andra stadiet erbjuder gratis konst- och kulturupplevelser b\u00e5de under studiedagen och p\u00e5 fritiden. Kulturstigens utbud st\u00f6djer uppn\u00e5endet av m\u00e5len f\u00f6r l\u00e4rande p\u00e5 andra stadiet. I programmet ing\u00e5r till studierna anknytande konserter, presentationer, workshoppar, guidning p\u00e5 museer och digitala kulturtj\u00e4nster p\u00e5 webben. Bekanta dig med utbudet och bokningsintruktioner p\u00e5 sidan: esbo.fi\/kulturstigen-for-andra-stadiet GLIMS &amp;&#8230;<\/p>\n","protected":false},"author":9,"featured_media":0,"parent":0,"menu_order":0,"comment_status":"closed","ping_status":"closed","template":"","meta":{"inline_featured_image":false,"_kad_blocks_custom_css":"","_kad_blocks_head_custom_js":"","_kad_blocks_body_custom_js":"","_kad_blocks_footer_custom_js":"","_kad_post_transparent":"","_kad_post_title":"","_kad_post_layout":"","_kad_post_sidebar_id":"","_kad_post_content_style":"","_kad_post_vertical_padding":"","_kad_post_feature":"","_kad_post_feature_position":"","_kad_post_header":false,"_kad_post_footer":false,"_kad_post_classname":"","footnotes":"","_links_to":"","_links_to_target":""},"class_list":["post-4768","page","type-page","status-publish","hentry"],"yoast_head":"<!-- This site is optimized with the Yoast SEO plugin v27.3 - https:\/\/yoast.com\/product\/yoast-seo-wordpress\/ -->\n<title>KULPS Kulturstigen f\u00f6r andra stadiet - GLIMS &amp; GLOMS<\/title>\n<meta name=\"robots\" content=\"index, follow, max-snippet:-1, max-image-preview:large, max-video-preview:-1\" \/>\n<link rel=\"canonical\" href=\"https:\/\/glimsgloms.fi\/sv\/kulps-kulttuuripolku-toinen-aste\/\" \/>\n<meta property=\"og:locale\" content=\"sv_SE\" \/>\n<meta property=\"og:type\" content=\"article\" \/>\n<meta property=\"og:title\" content=\"KULPS Kulturstigen f\u00f6r andra stadiet - GLIMS &amp; GLOMS\" \/>\n<meta property=\"og:description\" content=\"KULPS Kulturstigen f\u00f6r andra stadiet erbjuder gratis konst- och kulturupplevelser b\u00e5de under studiedagen och p\u00e5 fritiden. Kulturstigens utbud st\u00f6djer uppn\u00e5endet av m\u00e5len f\u00f6r l\u00e4rande p\u00e5 andra stadiet. I programmet ing\u00e5r till studierna anknytande konserter, presentationer, workshoppar, guidning p\u00e5 museer och digitala kulturtj\u00e4nster p\u00e5 webben. Bekanta dig med utbudet och bokningsintruktioner p\u00e5 sidan: esbo.fi\/kulturstigen-for-andra-stadiet GLIMS &amp;...\" \/>\n<meta property=\"og:url\" content=\"https:\/\/glimsgloms.fi\/sv\/kulps-kulttuuripolku-toinen-aste\/\" \/>\n<meta property=\"og:site_name\" content=\"GLIMS &amp; GLOMS\" \/>\n<meta property=\"article:publisher\" content=\"https:\/\/www.facebook.com\/glimsgloms\" \/>\n<meta property=\"article:modified_time\" content=\"2023-01-25T11:14:48+00:00\" \/>\n<meta name=\"twitter:card\" content=\"summary_large_image\" \/>\n<meta name=\"twitter:site\" content=\"@Glimsgloms\" \/>\n<meta name=\"twitter:label1\" content=\"Ber\u00e4knad l\u00e4stid\" \/>\n\t<meta name=\"twitter:data1\" content=\"1 minut\" \/>\n<script type=\"application\/ld+json\" class=\"yoast-schema-graph\">{\"@context\":\"https:\\\/\\\/schema.org\",\"@graph\":[{\"@type\":\"WebPage\",\"@id\":\"https:\\\/\\\/glimsgloms.fi\\\/sv\\\/kulps-kulttuuripolku-toinen-aste\\\/\",\"url\":\"https:\\\/\\\/glimsgloms.fi\\\/sv\\\/kulps-kulttuuripolku-toinen-aste\\\/\",\"name\":\"KULPS Kulturstigen f\u00f6r andra stadiet - GLIMS &amp; GLOMS\",\"isPartOf\":{\"@id\":\"https:\\\/\\\/glimsgloms.fi\\\/#website\"},\"datePublished\":\"2022-11-29T12:43:56+00:00\",\"dateModified\":\"2023-01-25T11:14:48+00:00\",\"breadcrumb\":{\"@id\":\"https:\\\/\\\/glimsgloms.fi\\\/sv\\\/kulps-kulttuuripolku-toinen-aste\\\/#breadcrumb\"},\"inLanguage\":\"sv-SE\",\"potentialAction\":[{\"@type\":\"ReadAction\",\"target\":[\"https:\\\/\\\/glimsgloms.fi\\\/sv\\\/kulps-kulttuuripolku-toinen-aste\\\/\"]}]},{\"@type\":\"BreadcrumbList\",\"@id\":\"https:\\\/\\\/glimsgloms.fi\\\/sv\\\/kulps-kulttuuripolku-toinen-aste\\\/#breadcrumb\",\"itemListElement\":[{\"@type\":\"ListItem\",\"position\":1,\"name\":\"Home\",\"item\":\"https:\\\/\\\/glimsgloms.fi\\\/sv\\\/\"},{\"@type\":\"ListItem\",\"position\":2,\"name\":\"KULPS Kulturstigen f\u00f6r andra stadiet\"}]},{\"@type\":\"WebSite\",\"@id\":\"https:\\\/\\\/glimsgloms.fi\\\/#website\",\"url\":\"https:\\\/\\\/glimsgloms.fi\\\/\",\"name\":\"GLIMS &amp; GLOMS\",\"description\":\"Dansteater f\u00f6r alla\",\"publisher\":{\"@id\":\"https:\\\/\\\/glimsgloms.fi\\\/#organization\"},\"potentialAction\":[{\"@type\":\"SearchAction\",\"target\":{\"@type\":\"EntryPoint\",\"urlTemplate\":\"https:\\\/\\\/glimsgloms.fi\\\/?s={search_term_string}\"},\"query-input\":{\"@type\":\"PropertyValueSpecification\",\"valueRequired\":true,\"valueName\":\"search_term_string\"}}],\"inLanguage\":\"sv-SE\"},{\"@type\":\"Organization\",\"@id\":\"https:\\\/\\\/glimsgloms.fi\\\/#organization\",\"name\":\"Tanssiteatteri Glims & Gloms - koko perheen teatteri Espoossa\",\"url\":\"https:\\\/\\\/glimsgloms.fi\\\/\",\"logo\":{\"@type\":\"ImageObject\",\"inLanguage\":\"sv-SE\",\"@id\":\"https:\\\/\\\/glimsgloms.fi\\\/#\\\/schema\\\/logo\\\/image\\\/\",\"url\":\"https:\\\/\\\/glimsgloms.fi\\\/wp-content\\\/uploads\\\/2020\\\/10\\\/cropped-GG-1.jpg\",\"contentUrl\":\"https:\\\/\\\/glimsgloms.fi\\\/wp-content\\\/uploads\\\/2020\\\/10\\\/cropped-GG-1.jpg\",\"width\":512,\"height\":512,\"caption\":\"Tanssiteatteri Glims & Gloms - koko perheen teatteri Espoossa\"},\"image\":{\"@id\":\"https:\\\/\\\/glimsgloms.fi\\\/#\\\/schema\\\/logo\\\/image\\\/\"},\"sameAs\":[\"https:\\\/\\\/www.facebook.com\\\/glimsgloms\",\"https:\\\/\\\/x.com\\\/Glimsgloms\",\"https:\\\/\\\/www.instagram.com\\\/glimsgloms\\\/\",\"https:\\\/\\\/www.linkedin.com\\\/company\\\/43366760\\\/admin\\\/\",\"https:\\\/\\\/www.youtube.com\\\/user\\\/GlimsGloms\",\"https:\\\/\\\/fi.wikipedia.org\\\/wiki\\\/Tanssiteatteri_Glims_&_Gloms\"]}]}<\/script>\n<!-- \/ Yoast SEO plugin. -->","yoast_head_json":{"title":"KULPS Kulturstigen f\u00f6r andra stadiet - GLIMS &amp; GLOMS","robots":{"index":"index","follow":"follow","max-snippet":"max-snippet:-1","max-image-preview":"max-image-preview:large","max-video-preview":"max-video-preview:-1"},"canonical":"https:\/\/glimsgloms.fi\/sv\/kulps-kulttuuripolku-toinen-aste\/","og_locale":"sv_SE","og_type":"article","og_title":"KULPS Kulturstigen f\u00f6r andra stadiet - GLIMS &amp; GLOMS","og_description":"KULPS Kulturstigen f\u00f6r andra stadiet erbjuder gratis konst- och kulturupplevelser b\u00e5de under studiedagen och p\u00e5 fritiden. Kulturstigens utbud st\u00f6djer uppn\u00e5endet av m\u00e5len f\u00f6r l\u00e4rande p\u00e5 andra stadiet. I programmet ing\u00e5r till studierna anknytande konserter, presentationer, workshoppar, guidning p\u00e5 museer och digitala kulturtj\u00e4nster p\u00e5 webben. Bekanta dig med utbudet och bokningsintruktioner p\u00e5 sidan: esbo.fi\/kulturstigen-for-andra-stadiet GLIMS &amp;...","og_url":"https:\/\/glimsgloms.fi\/sv\/kulps-kulttuuripolku-toinen-aste\/","og_site_name":"GLIMS &amp; GLOMS","article_publisher":"https:\/\/www.facebook.com\/glimsgloms","article_modified_time":"2023-01-25T11:14:48+00:00","twitter_card":"summary_large_image","twitter_site":"@Glimsgloms","twitter_misc":{"Ber\u00e4knad l\u00e4stid":"1 minut"},"schema":{"@context":"https:\/\/schema.org","@graph":[{"@type":"WebPage","@id":"https:\/\/glimsgloms.fi\/sv\/kulps-kulttuuripolku-toinen-aste\/","url":"https:\/\/glimsgloms.fi\/sv\/kulps-kulttuuripolku-toinen-aste\/","name":"KULPS Kulturstigen f\u00f6r andra stadiet - GLIMS &amp; GLOMS","isPartOf":{"@id":"https:\/\/glimsgloms.fi\/#website"},"datePublished":"2022-11-29T12:43:56+00:00","dateModified":"2023-01-25T11:14:48+00:00","breadcrumb":{"@id":"https:\/\/glimsgloms.fi\/sv\/kulps-kulttuuripolku-toinen-aste\/#breadcrumb"},"inLanguage":"sv-SE","potentialAction":[{"@type":"ReadAction","target":["https:\/\/glimsgloms.fi\/sv\/kulps-kulttuuripolku-toinen-aste\/"]}]},{"@type":"BreadcrumbList","@id":"https:\/\/glimsgloms.fi\/sv\/kulps-kulttuuripolku-toinen-aste\/#breadcrumb","itemListElement":[{"@type":"ListItem","position":1,"name":"Home","item":"https:\/\/glimsgloms.fi\/sv\/"},{"@type":"ListItem","position":2,"name":"KULPS Kulturstigen f\u00f6r andra stadiet"}]},{"@type":"WebSite","@id":"https:\/\/glimsgloms.fi\/#website","url":"https:\/\/glimsgloms.fi\/","name":"GLIMS &amp; GLOMS","description":"Dansteater f\u00f6r alla","publisher":{"@id":"https:\/\/glimsgloms.fi\/#organization"},"potentialAction":[{"@type":"SearchAction","target":{"@type":"EntryPoint","urlTemplate":"https:\/\/glimsgloms.fi\/?s={search_term_string}"},"query-input":{"@type":"PropertyValueSpecification","valueRequired":true,"valueName":"search_term_string"}}],"inLanguage":"sv-SE"},{"@type":"Organization","@id":"https:\/\/glimsgloms.fi\/#organization","name":"Tanssiteatteri Glims & Gloms - koko perheen teatteri Espoossa","url":"https:\/\/glimsgloms.fi\/","logo":{"@type":"ImageObject","inLanguage":"sv-SE","@id":"https:\/\/glimsgloms.fi\/#\/schema\/logo\/image\/","url":"https:\/\/glimsgloms.fi\/wp-content\/uploads\/2020\/10\/cropped-GG-1.jpg","contentUrl":"https:\/\/glimsgloms.fi\/wp-content\/uploads\/2020\/10\/cropped-GG-1.jpg","width":512,"height":512,"caption":"Tanssiteatteri Glims & Gloms - koko perheen teatteri Espoossa"},"image":{"@id":"https:\/\/glimsgloms.fi\/#\/schema\/logo\/image\/"},"sameAs":["https:\/\/www.facebook.com\/glimsgloms","https:\/\/x.com\/Glimsgloms","https:\/\/www.instagram.com\/glimsgloms\/","https:\/\/www.linkedin.com\/company\/43366760\/admin\/","https:\/\/www.youtube.com\/user\/GlimsGloms","https:\/\/fi.wikipedia.org\/wiki\/Tanssiteatteri_Glims_&_Gloms"]}]}},"taxonomy_info":[],"featured_image_src_large":false,"author_info":{"display_name":"melinda","author_link":"https:\/\/glimsgloms.fi\/sv\/author\/melinda\/"},"comment_info":0,"_links":{"self":[{"href":"https:\/\/glimsgloms.fi\/sv\/wp-json\/wp\/v2\/pages\/4768","targetHints":{"allow":["GET"]}}],"collection":[{"href":"https:\/\/glimsgloms.fi\/sv\/wp-json\/wp\/v2\/pages"}],"about":[{"href":"https:\/\/glimsgloms.fi\/sv\/wp-json\/wp\/v2\/types\/page"}],"author":[{"embeddable":true,"href":"https:\/\/glimsgloms.fi\/sv\/wp-json\/wp\/v2\/users\/9"}],"replies":[{"embeddable":true,"href":"https:\/\/glimsgloms.fi\/sv\/wp-json\/wp\/v2\/comments?post=4768"}],"version-history":[{"count":1,"href":"https:\/\/glimsgloms.fi\/sv\/wp-json\/wp\/v2\/pages\/4768\/revisions"}],"predecessor-version":[{"id":4770,"href":"https:\/\/glimsgloms.fi\/sv\/wp-json\/wp\/v2\/pages\/4768\/revisions\/4770"}],"wp:attachment":[{"href":"https:\/\/glimsgloms.fi\/sv\/wp-json\/wp\/v2\/media?parent=4768"}],"curies":[{"name":"wp","href":"https:\/\/api.w.org\/{rel}","templated":true}]}}