{"id":6511,"date":"2024-11-19T13:34:30","date_gmt":"2024-11-19T11:34:30","guid":{"rendered":"https:\/\/glimsgloms.fi\/?post_type=product&#038;p=6511"},"modified":"2024-11-19T13:34:30","modified_gmt":"2024-11-19T11:34:30","slug":"tanssitohtori-ensiaamu-noykkionlaakson-koulu","status":"publish","type":"product","link":"https:\/\/glimsgloms.fi\/sv\/product\/tanssitohtori-ensiaamu-noykkionlaakson-koulu\/","title":{"rendered":"TanssiTohtori -ensiaamu \/ N\u00f6ykki\u00f6nlaakson koulu"},"content":{"rendered":"<p>TanssiTohtorin ensi esitys N\u00f6ykki\u00f6nlaakson koululla (KULPS).<\/p>\n","protected":false},"excerpt":{"rendered":"<p>TanssiTohtorin ensi esitys N\u00f6ykki\u00f6nlaakson koululla (KULPS).<\/p>\n","protected":false},"author":9,"featured_media":0,"template":"","meta":{"inline_featured_image":false,"_kad_blocks_custom_css":"","_kad_blocks_head_custom_js":"","_kad_blocks_body_custom_js":"","_kad_blocks_footer_custom_js":"","_kad_post_transparent":"default","_kad_post_title":"","_kad_post_layout":"default","_kad_post_sidebar_id":"","_kad_post_content_style":"default","_kad_post_vertical_padding":"default","_kad_post_feature":"","_kad_post_feature_position":"","_kad_post_header":false,"_kad_post_footer":false,"_kad_post_classname":"","_links_to":"","_links_to_target":""},"product_brand":[],"product_cat":[16],"product_tag":[],"esityskategoria":[],"class_list":{"0":"post-6511","1":"product","2":"type-product","3":"status-publish","5":"product_cat-uncategorized","7":"first","8":"instock","9":"shipping-taxable","10":"product-type-simple","11":"entry","12":"content-bg","13":"loop-entry"},"yoast_head":"<!-- This site is optimized with the Yoast SEO plugin v27.3 - https:\/\/yoast.com\/product\/yoast-seo-wordpress\/ -->\n<title>TanssiTohtori -ensiaamu \/ N\u00f6ykki\u00f6nlaakson koulu - GLIMS &amp; GLOMS<\/title>\n<meta name=\"robots\" content=\"index, follow, max-snippet:-1, max-image-preview:large, max-video-preview:-1\" \/>\n<link rel=\"canonical\" href=\"https:\/\/glimsgloms.fi\/product\/tanssitohtori-ensiaamu-noykkionlaakson-koulu\/\" \/>\n<meta property=\"og:locale\" content=\"sv_SE\" \/>\n<meta property=\"og:type\" content=\"article\" \/>\n<meta property=\"og:title\" content=\"TanssiTohtori -ensiaamu \/ N\u00f6ykki\u00f6nlaakson koulu - GLIMS &amp; GLOMS\" \/>\n<meta property=\"og:description\" content=\"TanssiTohtorin ensi esitys N\u00f6ykki\u00f6nlaakson koululla (KULPS).\" \/>\n<meta property=\"og:url\" content=\"https:\/\/glimsgloms.fi\/product\/tanssitohtori-ensiaamu-noykkionlaakson-koulu\/\" \/>\n<meta property=\"og:site_name\" content=\"GLIMS &amp; GLOMS\" \/>\n<meta property=\"article:publisher\" content=\"https:\/\/www.facebook.com\/glimsgloms\" \/>\n<meta name=\"twitter:card\" content=\"summary_large_image\" \/>\n<meta name=\"twitter:site\" content=\"@Glimsgloms\" \/>\n<script type=\"application\/ld+json\" class=\"yoast-schema-graph\">{\"@context\":\"https:\\\/\\\/schema.org\",\"@graph\":[{\"@type\":\"WebPage\",\"@id\":\"https:\\\/\\\/glimsgloms.fi\\\/product\\\/tanssitohtori-ensiaamu-noykkionlaakson-koulu\\\/\",\"url\":\"https:\\\/\\\/glimsgloms.fi\\\/product\\\/tanssitohtori-ensiaamu-noykkionlaakson-koulu\\\/\",\"name\":\"TanssiTohtori -ensiaamu \\\/ N\u00f6ykki\u00f6nlaakson koulu - GLIMS &amp; GLOMS\",\"isPartOf\":{\"@id\":\"https:\\\/\\\/glimsgloms.fi\\\/#website\"},\"datePublished\":\"2024-11-19T11:34:30+00:00\",\"breadcrumb\":{\"@id\":\"https:\\\/\\\/glimsgloms.fi\\\/product\\\/tanssitohtori-ensiaamu-noykkionlaakson-koulu\\\/#breadcrumb\"},\"inLanguage\":\"sv-SE\",\"potentialAction\":[{\"@type\":\"ReadAction\",\"target\":[\"https:\\\/\\\/glimsgloms.fi\\\/product\\\/tanssitohtori-ensiaamu-noykkionlaakson-koulu\\\/\"]}]},{\"@type\":\"BreadcrumbList\",\"@id\":\"https:\\\/\\\/glimsgloms.fi\\\/product\\\/tanssitohtori-ensiaamu-noykkionlaakson-koulu\\\/#breadcrumb\",\"itemListElement\":[{\"@type\":\"ListItem\",\"position\":1,\"name\":\"Home\",\"item\":\"https:\\\/\\\/glimsgloms.fi\\\/sv\\\/\"},{\"@type\":\"ListItem\",\"position\":2,\"name\":\"Kauppa\",\"item\":\"https:\\\/\\\/glimsgloms.fi\\\/kauppa\\\/\"},{\"@type\":\"ListItem\",\"position\":3,\"name\":\"TanssiTohtori -ensiaamu \\\/ N\u00f6ykki\u00f6nlaakson koulu\"}]},{\"@type\":\"WebSite\",\"@id\":\"https:\\\/\\\/glimsgloms.fi\\\/#website\",\"url\":\"https:\\\/\\\/glimsgloms.fi\\\/\",\"name\":\"GLIMS &amp; GLOMS\",\"description\":\"Dansteater f\u00f6r alla\",\"publisher\":{\"@id\":\"https:\\\/\\\/glimsgloms.fi\\\/#organization\"},\"potentialAction\":[{\"@type\":\"SearchAction\",\"target\":{\"@type\":\"EntryPoint\",\"urlTemplate\":\"https:\\\/\\\/glimsgloms.fi\\\/?s={search_term_string}\"},\"query-input\":{\"@type\":\"PropertyValueSpecification\",\"valueRequired\":true,\"valueName\":\"search_term_string\"}}],\"inLanguage\":\"sv-SE\"},{\"@type\":\"Organization\",\"@id\":\"https:\\\/\\\/glimsgloms.fi\\\/#organization\",\"name\":\"Tanssiteatteri Glims & Gloms - koko perheen teatteri Espoossa\",\"url\":\"https:\\\/\\\/glimsgloms.fi\\\/\",\"logo\":{\"@type\":\"ImageObject\",\"inLanguage\":\"sv-SE\",\"@id\":\"https:\\\/\\\/glimsgloms.fi\\\/#\\\/schema\\\/logo\\\/image\\\/\",\"url\":\"https:\\\/\\\/glimsgloms.fi\\\/wp-content\\\/uploads\\\/2020\\\/10\\\/cropped-GG-1.jpg\",\"contentUrl\":\"https:\\\/\\\/glimsgloms.fi\\\/wp-content\\\/uploads\\\/2020\\\/10\\\/cropped-GG-1.jpg\",\"width\":512,\"height\":512,\"caption\":\"Tanssiteatteri Glims & Gloms - koko perheen teatteri Espoossa\"},\"image\":{\"@id\":\"https:\\\/\\\/glimsgloms.fi\\\/#\\\/schema\\\/logo\\\/image\\\/\"},\"sameAs\":[\"https:\\\/\\\/www.facebook.com\\\/glimsgloms\",\"https:\\\/\\\/x.com\\\/Glimsgloms\",\"https:\\\/\\\/www.instagram.com\\\/glimsgloms\\\/\",\"https:\\\/\\\/www.linkedin.com\\\/company\\\/43366760\\\/admin\\\/\",\"https:\\\/\\\/www.youtube.com\\\/user\\\/GlimsGloms\",\"https:\\\/\\\/fi.wikipedia.org\\\/wiki\\\/Tanssiteatteri_Glims_&_Gloms\"]}]}<\/script>\n<!-- \/ Yoast SEO plugin. -->","yoast_head_json":{"title":"TanssiTohtori -ensiaamu \/ N\u00f6ykki\u00f6nlaakson koulu - GLIMS &amp; GLOMS","robots":{"index":"index","follow":"follow","max-snippet":"max-snippet:-1","max-image-preview":"max-image-preview:large","max-video-preview":"max-video-preview:-1"},"canonical":"https:\/\/glimsgloms.fi\/product\/tanssitohtori-ensiaamu-noykkionlaakson-koulu\/","og_locale":"sv_SE","og_type":"article","og_title":"TanssiTohtori -ensiaamu \/ N\u00f6ykki\u00f6nlaakson koulu - GLIMS &amp; GLOMS","og_description":"TanssiTohtorin ensi esitys N\u00f6ykki\u00f6nlaakson koululla (KULPS).","og_url":"https:\/\/glimsgloms.fi\/product\/tanssitohtori-ensiaamu-noykkionlaakson-koulu\/","og_site_name":"GLIMS &amp; GLOMS","article_publisher":"https:\/\/www.facebook.com\/glimsgloms","twitter_card":"summary_large_image","twitter_site":"@Glimsgloms","schema":{"@context":"https:\/\/schema.org","@graph":[{"@type":"WebPage","@id":"https:\/\/glimsgloms.fi\/product\/tanssitohtori-ensiaamu-noykkionlaakson-koulu\/","url":"https:\/\/glimsgloms.fi\/product\/tanssitohtori-ensiaamu-noykkionlaakson-koulu\/","name":"TanssiTohtori -ensiaamu \/ N\u00f6ykki\u00f6nlaakson koulu - GLIMS &amp; GLOMS","isPartOf":{"@id":"https:\/\/glimsgloms.fi\/#website"},"datePublished":"2024-11-19T11:34:30+00:00","breadcrumb":{"@id":"https:\/\/glimsgloms.fi\/product\/tanssitohtori-ensiaamu-noykkionlaakson-koulu\/#breadcrumb"},"inLanguage":"sv-SE","potentialAction":[{"@type":"ReadAction","target":["https:\/\/glimsgloms.fi\/product\/tanssitohtori-ensiaamu-noykkionlaakson-koulu\/"]}]},{"@type":"BreadcrumbList","@id":"https:\/\/glimsgloms.fi\/product\/tanssitohtori-ensiaamu-noykkionlaakson-koulu\/#breadcrumb","itemListElement":[{"@type":"ListItem","position":1,"name":"Home","item":"https:\/\/glimsgloms.fi\/sv\/"},{"@type":"ListItem","position":2,"name":"Kauppa","item":"https:\/\/glimsgloms.fi\/kauppa\/"},{"@type":"ListItem","position":3,"name":"TanssiTohtori -ensiaamu \/ N\u00f6ykki\u00f6nlaakson koulu"}]},{"@type":"WebSite","@id":"https:\/\/glimsgloms.fi\/#website","url":"https:\/\/glimsgloms.fi\/","name":"GLIMS &amp; GLOMS","description":"Dansteater f\u00f6r alla","publisher":{"@id":"https:\/\/glimsgloms.fi\/#organization"},"potentialAction":[{"@type":"SearchAction","target":{"@type":"EntryPoint","urlTemplate":"https:\/\/glimsgloms.fi\/?s={search_term_string}"},"query-input":{"@type":"PropertyValueSpecification","valueRequired":true,"valueName":"search_term_string"}}],"inLanguage":"sv-SE"},{"@type":"Organization","@id":"https:\/\/glimsgloms.fi\/#organization","name":"Tanssiteatteri Glims & Gloms - koko perheen teatteri Espoossa","url":"https:\/\/glimsgloms.fi\/","logo":{"@type":"ImageObject","inLanguage":"sv-SE","@id":"https:\/\/glimsgloms.fi\/#\/schema\/logo\/image\/","url":"https:\/\/glimsgloms.fi\/wp-content\/uploads\/2020\/10\/cropped-GG-1.jpg","contentUrl":"https:\/\/glimsgloms.fi\/wp-content\/uploads\/2020\/10\/cropped-GG-1.jpg","width":512,"height":512,"caption":"Tanssiteatteri Glims & Gloms - koko perheen teatteri Espoossa"},"image":{"@id":"https:\/\/glimsgloms.fi\/#\/schema\/logo\/image\/"},"sameAs":["https:\/\/www.facebook.com\/glimsgloms","https:\/\/x.com\/Glimsgloms","https:\/\/www.instagram.com\/glimsgloms\/","https:\/\/www.linkedin.com\/company\/43366760\/admin\/","https:\/\/www.youtube.com\/user\/GlimsGloms","https:\/\/fi.wikipedia.org\/wiki\/Tanssiteatteri_Glims_&_Gloms"]}]}},"taxonomy_info":{"product_cat":[{"value":16,"label":"Uncategorized"}]},"featured_image_src_large":false,"author_info":{"display_name":"melinda","author_link":"https:\/\/glimsgloms.fi\/sv\/author\/melinda\/"},"comment_info":"","_links":{"self":[{"href":"https:\/\/glimsgloms.fi\/sv\/wp-json\/wp\/v2\/product\/6511","targetHints":{"allow":["GET"]}}],"collection":[{"href":"https:\/\/glimsgloms.fi\/sv\/wp-json\/wp\/v2\/product"}],"about":[{"href":"https:\/\/glimsgloms.fi\/sv\/wp-json\/wp\/v2\/types\/product"}],"author":[{"embeddable":true,"href":"https:\/\/glimsgloms.fi\/sv\/wp-json\/wp\/v2\/users\/9"}],"wp:attachment":[{"href":"https:\/\/glimsgloms.fi\/sv\/wp-json\/wp\/v2\/media?parent=6511"}],"wp:term":[{"taxonomy":"product_brand","embeddable":true,"href":"https:\/\/glimsgloms.fi\/sv\/wp-json\/wp\/v2\/product_brand?post=6511"},{"taxonomy":"product_cat","embeddable":true,"href":"https:\/\/glimsgloms.fi\/sv\/wp-json\/wp\/v2\/product_cat?post=6511"},{"taxonomy":"product_tag","embeddable":true,"href":"https:\/\/glimsgloms.fi\/sv\/wp-json\/wp\/v2\/product_tag?post=6511"},{"taxonomy":"esityskategoria","embeddable":true,"href":"https:\/\/glimsgloms.fi\/sv\/wp-json\/wp\/v2\/esityskategoria?post=6511"}],"curies":[{"name":"wp","href":"https:\/\/api.w.org\/{rel}","templated":true}]}}