{"id":7022,"date":"2026-03-12T11:41:48","date_gmt":"2026-03-12T09:41:48","guid":{"rendered":"https:\/\/glimsgloms.fi\/?post_type=product&#038;p=7022"},"modified":"2026-03-12T11:41:48","modified_gmt":"2026-03-12T09:41:48","slug":"kissani-yhdeksan-elamaa-kulps-8","status":"publish","type":"product","link":"https:\/\/glimsgloms.fi\/sv\/product\/kissani-yhdeksan-elamaa-kulps-8\/","title":{"rendered":"Kissani yhdeks\u00e4n el\u00e4m\u00e4\u00e4 \/ KULPS"},"content":{"rendered":"<p>Kissani yhdeks\u00e4n el\u00e4m\u00e4\u00e4 Kulps-esitys Glims &amp; Glomsin studiolla Espoon Olarissa.<\/p>\n","protected":false},"excerpt":{"rendered":"<p>Kissani yhdeks\u00e4n el\u00e4m\u00e4\u00e4 Kulps-esitys Glims &amp; Glomsin studiolla Espoon Olarissa.<\/p>\n","protected":false},"author":9,"featured_media":6965,"template":"","meta":{"inline_featured_image":false,"_kad_blocks_custom_css":"","_kad_blocks_head_custom_js":"","_kad_blocks_body_custom_js":"","_kad_blocks_footer_custom_js":"","_kad_post_transparent":"default","_kad_post_title":"","_kad_post_layout":"default","_kad_post_sidebar_id":"","_kad_post_content_style":"default","_kad_post_vertical_padding":"default","_kad_post_feature":"","_kad_post_feature_position":"","_kad_post_header":false,"_kad_post_footer":false,"_kad_post_classname":"","_links_to":"","_links_to_target":""},"product_brand":[],"product_cat":[16],"product_tag":[],"esityskategoria":[],"class_list":{"0":"post-7022","1":"product","2":"type-product","3":"status-publish","4":"has-post-thumbnail","6":"product_cat-uncategorized","8":"first","9":"instock","10":"shipping-taxable","11":"product-type-simple","12":"entry","13":"content-bg","14":"loop-entry"},"yoast_head":"<!-- This site is optimized with the Yoast SEO plugin v27.2 - https:\/\/yoast.com\/product\/yoast-seo-wordpress\/ -->\n<title>Kissani yhdeks\u00e4n el\u00e4m\u00e4\u00e4 \/ KULPS - GLIMS &amp; GLOMS<\/title>\n<meta name=\"robots\" content=\"index, follow, max-snippet:-1, max-image-preview:large, max-video-preview:-1\" \/>\n<link rel=\"canonical\" href=\"https:\/\/glimsgloms.fi\/product\/kissani-yhdeksan-elamaa-kulps-8\/\" \/>\n<meta property=\"og:locale\" content=\"sv_SE\" \/>\n<meta property=\"og:type\" content=\"article\" \/>\n<meta property=\"og:title\" content=\"Kissani yhdeks\u00e4n el\u00e4m\u00e4\u00e4 \/ KULPS - GLIMS &amp; GLOMS\" \/>\n<meta property=\"og:description\" content=\"Kissani yhdeks\u00e4n el\u00e4m\u00e4\u00e4 Kulps-esitys Glims &amp; Glomsin studiolla Espoon Olarissa.\" \/>\n<meta property=\"og:url\" content=\"https:\/\/glimsgloms.fi\/product\/kissani-yhdeksan-elamaa-kulps-8\/\" \/>\n<meta property=\"og:site_name\" content=\"GLIMS &amp; GLOMS\" \/>\n<meta property=\"article:publisher\" content=\"https:\/\/www.facebook.com\/glimsgloms\" \/>\n<meta property=\"og:image\" content=\"https:\/\/glimsgloms.fi\/wp-content\/uploads\/2025\/04\/Kissapelatin_1080x1080.jpg\" \/>\n\t<meta property=\"og:image:width\" content=\"1080\" \/>\n\t<meta property=\"og:image:height\" content=\"1080\" \/>\n\t<meta property=\"og:image:type\" content=\"image\/jpeg\" \/>\n<meta name=\"twitter:card\" content=\"summary_large_image\" \/>\n<meta name=\"twitter:site\" content=\"@Glimsgloms\" \/>\n<meta name=\"twitter:label1\" content=\"Ber\u00e4knad l\u00e4stid\" \/>\n\t<meta name=\"twitter:data1\" content=\"1 minut\" \/>\n<script type=\"application\/ld+json\" class=\"yoast-schema-graph\">{\"@context\":\"https:\/\/schema.org\",\"@graph\":[{\"@type\":\"WebPage\",\"@id\":\"https:\/\/glimsgloms.fi\/product\/kissani-yhdeksan-elamaa-kulps-8\/\",\"url\":\"https:\/\/glimsgloms.fi\/product\/kissani-yhdeksan-elamaa-kulps-8\/\",\"name\":\"Kissani yhdeks\u00e4n el\u00e4m\u00e4\u00e4 \/ KULPS - GLIMS &amp; GLOMS\",\"isPartOf\":{\"@id\":\"https:\/\/glimsgloms.fi\/#website\"},\"primaryImageOfPage\":{\"@id\":\"https:\/\/glimsgloms.fi\/product\/kissani-yhdeksan-elamaa-kulps-8\/#primaryimage\"},\"image\":{\"@id\":\"https:\/\/glimsgloms.fi\/product\/kissani-yhdeksan-elamaa-kulps-8\/#primaryimage\"},\"thumbnailUrl\":\"https:\/\/glimsgloms.fi\/wp-content\/uploads\/2025\/04\/Kissapelatin_1080x1080.jpg\",\"datePublished\":\"2026-03-12T09:41:48+00:00\",\"breadcrumb\":{\"@id\":\"https:\/\/glimsgloms.fi\/product\/kissani-yhdeksan-elamaa-kulps-8\/#breadcrumb\"},\"inLanguage\":\"sv-SE\",\"potentialAction\":[{\"@type\":\"ReadAction\",\"target\":[\"https:\/\/glimsgloms.fi\/product\/kissani-yhdeksan-elamaa-kulps-8\/\"]}]},{\"@type\":\"ImageObject\",\"inLanguage\":\"sv-SE\",\"@id\":\"https:\/\/glimsgloms.fi\/product\/kissani-yhdeksan-elamaa-kulps-8\/#primaryimage\",\"url\":\"https:\/\/glimsgloms.fi\/wp-content\/uploads\/2025\/04\/Kissapelatin_1080x1080.jpg\",\"contentUrl\":\"https:\/\/glimsgloms.fi\/wp-content\/uploads\/2025\/04\/Kissapelatin_1080x1080.jpg\",\"width\":1080,\"height\":1080,\"caption\":\"Vasemmalla harmaa kissa istuu nojatuolissa, oikealla puolella henkil\u00f6 on pukeutunut silinterihattuun ja esitt\u00e4\u00e4 variksen pel\u00e4tint\u00e4, heid\u00e4n keskell\u00e4\u00e4n on jalkalamppu.\"},{\"@type\":\"BreadcrumbList\",\"@id\":\"https:\/\/glimsgloms.fi\/product\/kissani-yhdeksan-elamaa-kulps-8\/#breadcrumb\",\"itemListElement\":[{\"@type\":\"ListItem\",\"position\":1,\"name\":\"Home\",\"item\":\"https:\/\/glimsgloms.fi\/sv\/\"},{\"@type\":\"ListItem\",\"position\":2,\"name\":\"Kauppa\",\"item\":\"https:\/\/glimsgloms.fi\/kauppa\/\"},{\"@type\":\"ListItem\",\"position\":3,\"name\":\"Kissani yhdeks\u00e4n el\u00e4m\u00e4\u00e4 \/ KULPS\"}]},{\"@type\":\"WebSite\",\"@id\":\"https:\/\/glimsgloms.fi\/#website\",\"url\":\"https:\/\/glimsgloms.fi\/\",\"name\":\"GLIMS &amp; GLOMS\",\"description\":\"Dansteater f\u00f6r alla\",\"publisher\":{\"@id\":\"https:\/\/glimsgloms.fi\/#organization\"},\"potentialAction\":[{\"@type\":\"SearchAction\",\"target\":{\"@type\":\"EntryPoint\",\"urlTemplate\":\"https:\/\/glimsgloms.fi\/?s={search_term_string}\"},\"query-input\":{\"@type\":\"PropertyValueSpecification\",\"valueRequired\":true,\"valueName\":\"search_term_string\"}}],\"inLanguage\":\"sv-SE\"},{\"@type\":\"Organization\",\"@id\":\"https:\/\/glimsgloms.fi\/#organization\",\"name\":\"Tanssiteatteri Glims & Gloms - koko perheen teatteri Espoossa\",\"url\":\"https:\/\/glimsgloms.fi\/\",\"logo\":{\"@type\":\"ImageObject\",\"inLanguage\":\"sv-SE\",\"@id\":\"https:\/\/glimsgloms.fi\/#\/schema\/logo\/image\/\",\"url\":\"https:\/\/glimsgloms.fi\/wp-content\/uploads\/2020\/10\/cropped-GG-1.jpg\",\"contentUrl\":\"https:\/\/glimsgloms.fi\/wp-content\/uploads\/2020\/10\/cropped-GG-1.jpg\",\"width\":512,\"height\":512,\"caption\":\"Tanssiteatteri Glims & Gloms - koko perheen teatteri Espoossa\"},\"image\":{\"@id\":\"https:\/\/glimsgloms.fi\/#\/schema\/logo\/image\/\"},\"sameAs\":[\"https:\/\/www.facebook.com\/glimsgloms\",\"https:\/\/x.com\/Glimsgloms\",\"https:\/\/www.instagram.com\/glimsgloms\/\",\"https:\/\/www.linkedin.com\/company\/43366760\/admin\/\",\"https:\/\/www.youtube.com\/user\/GlimsGloms\",\"https:\/\/fi.wikipedia.org\/wiki\/Tanssiteatteri_Glims_&_Gloms\"]}]}<\/script>\n<!-- \/ Yoast SEO plugin. -->","yoast_head_json":{"title":"Kissani yhdeks\u00e4n el\u00e4m\u00e4\u00e4 \/ KULPS - GLIMS &amp; GLOMS","robots":{"index":"index","follow":"follow","max-snippet":"max-snippet:-1","max-image-preview":"max-image-preview:large","max-video-preview":"max-video-preview:-1"},"canonical":"https:\/\/glimsgloms.fi\/product\/kissani-yhdeksan-elamaa-kulps-8\/","og_locale":"sv_SE","og_type":"article","og_title":"Kissani yhdeks\u00e4n el\u00e4m\u00e4\u00e4 \/ KULPS - GLIMS &amp; GLOMS","og_description":"Kissani yhdeks\u00e4n el\u00e4m\u00e4\u00e4 Kulps-esitys Glims &amp; Glomsin studiolla Espoon Olarissa.","og_url":"https:\/\/glimsgloms.fi\/product\/kissani-yhdeksan-elamaa-kulps-8\/","og_site_name":"GLIMS &amp; GLOMS","article_publisher":"https:\/\/www.facebook.com\/glimsgloms","og_image":[{"width":1080,"height":1080,"url":"https:\/\/glimsgloms.fi\/wp-content\/uploads\/2025\/04\/Kissapelatin_1080x1080.jpg","type":"image\/jpeg"}],"twitter_card":"summary_large_image","twitter_site":"@Glimsgloms","twitter_misc":{"Ber\u00e4knad l\u00e4stid":"1 minut"},"schema":{"@context":"https:\/\/schema.org","@graph":[{"@type":"WebPage","@id":"https:\/\/glimsgloms.fi\/product\/kissani-yhdeksan-elamaa-kulps-8\/","url":"https:\/\/glimsgloms.fi\/product\/kissani-yhdeksan-elamaa-kulps-8\/","name":"Kissani yhdeks\u00e4n el\u00e4m\u00e4\u00e4 \/ KULPS - GLIMS &amp; GLOMS","isPartOf":{"@id":"https:\/\/glimsgloms.fi\/#website"},"primaryImageOfPage":{"@id":"https:\/\/glimsgloms.fi\/product\/kissani-yhdeksan-elamaa-kulps-8\/#primaryimage"},"image":{"@id":"https:\/\/glimsgloms.fi\/product\/kissani-yhdeksan-elamaa-kulps-8\/#primaryimage"},"thumbnailUrl":"https:\/\/glimsgloms.fi\/wp-content\/uploads\/2025\/04\/Kissapelatin_1080x1080.jpg","datePublished":"2026-03-12T09:41:48+00:00","breadcrumb":{"@id":"https:\/\/glimsgloms.fi\/product\/kissani-yhdeksan-elamaa-kulps-8\/#breadcrumb"},"inLanguage":"sv-SE","potentialAction":[{"@type":"ReadAction","target":["https:\/\/glimsgloms.fi\/product\/kissani-yhdeksan-elamaa-kulps-8\/"]}]},{"@type":"ImageObject","inLanguage":"sv-SE","@id":"https:\/\/glimsgloms.fi\/product\/kissani-yhdeksan-elamaa-kulps-8\/#primaryimage","url":"https:\/\/glimsgloms.fi\/wp-content\/uploads\/2025\/04\/Kissapelatin_1080x1080.jpg","contentUrl":"https:\/\/glimsgloms.fi\/wp-content\/uploads\/2025\/04\/Kissapelatin_1080x1080.jpg","width":1080,"height":1080,"caption":"Vasemmalla harmaa kissa istuu nojatuolissa, oikealla puolella henkil\u00f6 on pukeutunut silinterihattuun ja esitt\u00e4\u00e4 variksen pel\u00e4tint\u00e4, heid\u00e4n keskell\u00e4\u00e4n on jalkalamppu."},{"@type":"BreadcrumbList","@id":"https:\/\/glimsgloms.fi\/product\/kissani-yhdeksan-elamaa-kulps-8\/#breadcrumb","itemListElement":[{"@type":"ListItem","position":1,"name":"Home","item":"https:\/\/glimsgloms.fi\/sv\/"},{"@type":"ListItem","position":2,"name":"Kauppa","item":"https:\/\/glimsgloms.fi\/kauppa\/"},{"@type":"ListItem","position":3,"name":"Kissani yhdeks\u00e4n el\u00e4m\u00e4\u00e4 \/ KULPS"}]},{"@type":"WebSite","@id":"https:\/\/glimsgloms.fi\/#website","url":"https:\/\/glimsgloms.fi\/","name":"GLIMS &amp; GLOMS","description":"Dansteater f\u00f6r alla","publisher":{"@id":"https:\/\/glimsgloms.fi\/#organization"},"potentialAction":[{"@type":"SearchAction","target":{"@type":"EntryPoint","urlTemplate":"https:\/\/glimsgloms.fi\/?s={search_term_string}"},"query-input":{"@type":"PropertyValueSpecification","valueRequired":true,"valueName":"search_term_string"}}],"inLanguage":"sv-SE"},{"@type":"Organization","@id":"https:\/\/glimsgloms.fi\/#organization","name":"Tanssiteatteri Glims & Gloms - koko perheen teatteri Espoossa","url":"https:\/\/glimsgloms.fi\/","logo":{"@type":"ImageObject","inLanguage":"sv-SE","@id":"https:\/\/glimsgloms.fi\/#\/schema\/logo\/image\/","url":"https:\/\/glimsgloms.fi\/wp-content\/uploads\/2020\/10\/cropped-GG-1.jpg","contentUrl":"https:\/\/glimsgloms.fi\/wp-content\/uploads\/2020\/10\/cropped-GG-1.jpg","width":512,"height":512,"caption":"Tanssiteatteri Glims & Gloms - koko perheen teatteri Espoossa"},"image":{"@id":"https:\/\/glimsgloms.fi\/#\/schema\/logo\/image\/"},"sameAs":["https:\/\/www.facebook.com\/glimsgloms","https:\/\/x.com\/Glimsgloms","https:\/\/www.instagram.com\/glimsgloms\/","https:\/\/www.linkedin.com\/company\/43366760\/admin\/","https:\/\/www.youtube.com\/user\/GlimsGloms","https:\/\/fi.wikipedia.org\/wiki\/Tanssiteatteri_Glims_&_Gloms"]}]}},"taxonomy_info":{"product_cat":[{"value":16,"label":"Uncategorized"}]},"featured_image_src_large":["https:\/\/glimsgloms.fi\/wp-content\/uploads\/2025\/04\/Kissapelatin_1080x1080-1024x1024.jpg",1024,1024,true],"author_info":{"display_name":"melinda","author_link":"https:\/\/glimsgloms.fi\/sv\/author\/melinda\/"},"comment_info":"","_links":{"self":[{"href":"https:\/\/glimsgloms.fi\/sv\/wp-json\/wp\/v2\/product\/7022","targetHints":{"allow":["GET"]}}],"collection":[{"href":"https:\/\/glimsgloms.fi\/sv\/wp-json\/wp\/v2\/product"}],"about":[{"href":"https:\/\/glimsgloms.fi\/sv\/wp-json\/wp\/v2\/types\/product"}],"author":[{"embeddable":true,"href":"https:\/\/glimsgloms.fi\/sv\/wp-json\/wp\/v2\/users\/9"}],"wp:featuredmedia":[{"embeddable":true,"href":"https:\/\/glimsgloms.fi\/sv\/wp-json\/wp\/v2\/media\/6965"}],"wp:attachment":[{"href":"https:\/\/glimsgloms.fi\/sv\/wp-json\/wp\/v2\/media?parent=7022"}],"wp:term":[{"taxonomy":"product_brand","embeddable":true,"href":"https:\/\/glimsgloms.fi\/sv\/wp-json\/wp\/v2\/product_brand?post=7022"},{"taxonomy":"product_cat","embeddable":true,"href":"https:\/\/glimsgloms.fi\/sv\/wp-json\/wp\/v2\/product_cat?post=7022"},{"taxonomy":"product_tag","embeddable":true,"href":"https:\/\/glimsgloms.fi\/sv\/wp-json\/wp\/v2\/product_tag?post=7022"},{"taxonomy":"esityskategoria","embeddable":true,"href":"https:\/\/glimsgloms.fi\/sv\/wp-json\/wp\/v2\/esityskategoria?post=7022"}],"curies":[{"name":"wp","href":"https:\/\/api.w.org\/{rel}","templated":true}]}}